{"id":758,"date":"2019-03-29T09:50:46","date_gmt":"2019-03-29T06:50:46","guid":{"rendered":"https:\/\/www.dnzsprt.com\/?page_id=758"},"modified":"2021-01-06T18:47:35","modified_gmt":"2021-01-06T15:47:35","slug":"kent-mobilyalari-ve-ihtiyaclari","status":"publish","type":"page","link":"https:\/\/www.deniz-sport.com\/tr_tr\/urunlerimiz\/kent-mobilyalari-ve-ihtiyaclari\/","title":{"rendered":"Kent Mobilyalar\u0131 ve \u0130htiya\u00e7lar\u0131"},"content":{"rendered":"<p>Kent mobilyalar\u0131 ve ihtiya\u00e7lar\u0131 \u00fcr\u00fcn serilerimiz;<\/p>\n<div id=\"attachment_762\" style=\"width: 310px\" class=\"wp-caption aligncenter\"><a href=\"https:\/\/www.deniz-sport.com\/urunlerimiz\/kent-mobilyalari-ve-ihtiyaclari\/banklar-ve-piknik-masalari\/\"><img loading=\"lazy\" decoding=\"async\" aria-describedby=\"caption-attachment-762\" class=\"wp-image-762 size-medium\" src=\"https:\/\/www.deniz-sport.com\/wp-content\/uploads\/2019\/03\/kent_mob1-300x212.jpg\" alt=\"\" width=\"300\" height=\"212\" \/><\/a><p id=\"caption-attachment-762\" class=\"wp-caption-text\">Banklar ve Piknik Masalar\u0131<\/p><\/div>\n<div id=\"attachment_761\" style=\"width: 310px\" class=\"wp-caption aligncenter\"><a href=\"https:\/\/www.deniz-sport.com\/urunlerimiz\/kent-mobilyalari-ve-ihtiyaclari\/kamelya-ve-pergole\/\"><img loading=\"lazy\" decoding=\"async\" aria-describedby=\"caption-attachment-761\" class=\"wp-image-761 size-medium\" src=\"https:\/\/www.deniz-sport.com\/wp-content\/uploads\/2019\/03\/kent_mob2-300x210.jpg\" alt=\"\" width=\"300\" height=\"210\" \/><\/a><p id=\"caption-attachment-761\" class=\"wp-caption-text\">Kamelya ve Pergole<\/p><\/div>\n<div id=\"attachment_760\" style=\"width: 310px\" class=\"wp-caption aligncenter\"><a href=\"https:\/\/www.deniz-sport.com\/urunlerimiz\/kent-mobilyalari-ve-ihtiyaclari\/cop-kovalari\/\"><img loading=\"lazy\" decoding=\"async\" aria-describedby=\"caption-attachment-760\" class=\"wp-image-760 size-medium\" src=\"https:\/\/www.deniz-sport.com\/wp-content\/uploads\/2019\/03\/kent_mob3-300x168.jpg\" alt=\"\" width=\"300\" height=\"168\" \/><\/a><p id=\"caption-attachment-760\" class=\"wp-caption-text\">\u00c7\u00f6p Kovalar\u0131<\/p><\/div>\n<div id=\"attachment_759\" style=\"width: 310px\" class=\"wp-caption aligncenter\"><a href=\"https:\/\/www.deniz-sport.com\/urunlerimiz\/kent-mobilyalari-ve-ihtiyaclari\/zemin-kaucuk-kaplama\/\"><img loading=\"lazy\" decoding=\"async\" aria-describedby=\"caption-attachment-759\" class=\"wp-image-759 size-medium\" src=\"https:\/\/www.deniz-sport.com\/wp-content\/uploads\/2019\/03\/kent_mob4-300x246.jpg\" alt=\"\" width=\"300\" height=\"246\" \/><\/a><p id=\"caption-attachment-759\" class=\"wp-caption-text\">Zemin Kau\u00e7uk Kaplama<\/p><\/div>\n<p>&nbsp;<\/p>\n<p><a href=\"https:\/\/www.deniz-sport.com\/\">A\u00c7IK ALAN SPOR ALETLER\u0130<\/a>\u00a0,\u00a0<a href=\"https:\/\/www.deniz-sport.com\/\">A\u00c7IK ALAN F\u0130TNESS ALETLER\u0130<\/a>\u00a0,\u00a0<a href=\"https:\/\/www.deniz-sport.com\/\">DI\u015e MEKAN SPOR ALETLER\u0130<\/a>\u00a0,\u00a0<a href=\"https:\/\/www.deniz-sport.com\/\">DI\u015e MEKAN F\u0130TNESS ALETLER\u0130<\/a>\u00a0,\u00a0<a href=\"https:\/\/www.deniz-sport.com\/\">\u00c7OCUK OYUN GURUPLARI<\/a>\u00a0,\u00a0<a href=\"https:\/\/www.deniz-sport.com\/\">HAVADA Y\u00dcR\u00dcY\u00dc\u015e S\u0130STEM\u0130<\/a>\u00a0,\u00a0<a href=\"https:\/\/www.deniz-sport.com\/\">BEL ESNETME ALET\u0130<\/a>\u00a0,\u00a0<a href=\"https:\/\/www.deniz-sport.com\/\">B\u0130S\u0130KLET ve EL\u0130PT\u0130K B\u0130S\u0130KLET<\/a>\u00a0,\u00a0<a href=\"https:\/\/www.deniz-sport.com\/\">AH\u015eAP BANK VE KOMPOZ\u0130T BANK<\/a>\u00a0,\u00a0<a href=\"https:\/\/www.deniz-sport.com\/\">KAU\u00c7UK ZEM\u0130N KAPLAMA<\/a>\u00a0,\u00a0<a href=\"https:\/\/www.deniz-sport.com\/\">\u00c7\u00d6P KOVASI<\/a>\u00a0,\u00a0<a href=\"https:\/\/www.deniz-sport.com\/\">TAHTERAVALL\u0130 VE SALINCAK<\/a>\u00a0,\u00a0<a href=\"https:\/\/www.deniz-sport.com\/\">TEKN\u0130K \u015eARTNAME<\/a>\u00a0,\u00a0<a href=\"https:\/\/www.deniz-sport.com\/\">TEKN\u0130K \u00c7\u0130Z\u0130M<\/a>\u00a0,\u00a0<a href=\"https:\/\/www.deniz-sport.com\/\">KENT MOB\u0130LYALARI<\/a>\u00a0,\u00a0<a href=\"https:\/\/www.deniz-sport.com\/\">\u0130PL\u0130 TIRMANMA<\/a>\u00a0,<a href=\"https:\/\/www.deniz-sport.com\/\">ENGELL\u0130 SPOR ALETLER\u0130<\/a>\u00a0,\u00a0<a href=\"https:\/\/www.deniz-sport.com\/\">ENGELL\u0130 \u00c7OCUK OYUN GURUPLARI<\/a>\u00a0,\u00a0<a href=\"https:\/\/www.deniz-sport.com\/\">SP\u0130RAL KAYDIRAK , HELEZON KAYDIRAK<\/a>\u00a0,\u00a0<a href=\"https:\/\/www.deniz-sport.com\/\">D\u00dcZ KAYDIRAK<\/a>\u00a0,\u00a0<a href=\"https:\/\/www.deniz-sport.com\/\">P\u0130KN\u0130K MASALARI<\/a>\u00a0,\u00a0<a href=\"https:\/\/www.deniz-sport.com\/\">PERGOLA GAZEBO<\/a>\u00a0,\u00a0<a href=\"https:\/\/www.deniz-sport.com\/\">TIRMANMA SETLER\u0130<\/a>\u00a0,\u00a0<a href=\"https:\/\/www.deniz-sport.com\/\">D\u00d6NERL\u0130 OYUNCAKLAR<\/a>\u00a0,<a href=\"https:\/\/www.deniz-sport.com\/\">ZIPZIP \u00c7E\u015e\u0130TLER\u0130<\/a>\u00a0,\u00a0<a href=\"https:\/\/www.deniz-sport.com\/\">KAMEL\u0130YE VE PERGOLA<\/a><\/p>\n","protected":false},"excerpt":{"rendered":"<p>Kent mobilyalar\u0131 ve ihtiya\u00e7lar\u0131 \u00fcr\u00fcn serilerimiz; &nbsp; A\u00c7IK ALAN SPOR ALETLER\u0130\u00a0,\u00a0A\u00c7IK ALAN F\u0130TNESS ALETLER\u0130\u00a0,\u00a0DI\u015e MEKAN SPOR ALETLER\u0130\u00a0,\u00a0DI\u015e MEKAN F\u0130TNESS ALETLER\u0130\u00a0,\u00a0\u00c7OCUK OYUN GURUPLARI\u00a0,\u00a0HAVADA Y\u00dcR\u00dcY\u00dc\u015e S\u0130STEM\u0130\u00a0,\u00a0BEL ESNETME ALET\u0130\u00a0,\u00a0B\u0130S\u0130KLET ve EL\u0130PT\u0130K B\u0130S\u0130KLET\u00a0,\u00a0AH\u015eAP BANK VE KOMPOZ\u0130T BANK\u00a0,\u00a0KAU\u00c7UK ZEM\u0130N KAPLAMA\u00a0,\u00a0\u00c7\u00d6P KOVASI\u00a0,\u00a0TAHTERAVALL\u0130 VE SALINCAK\u00a0,\u00a0TEKN\u0130K \u015eARTNAME\u00a0,\u00a0TEKN\u0130K \u00c7\u0130Z\u0130M\u00a0,\u00a0KENT MOB\u0130LYALARI\u00a0,\u00a0\u0130PL\u0130 TIRMANMA\u00a0,ENGELL\u0130 SPOR ALETLER\u0130\u00a0,\u00a0ENGELL\u0130 \u00c7OCUK OYUN GURUPLARI\u00a0,\u00a0SP\u0130RAL KAYDIRAK , HELEZON KAYDIRAK\u00a0,\u00a0D\u00dcZ KAYDIRAK\u00a0,\u00a0P\u0130KN\u0130K MASALARI\u00a0,\u00a0PERGOLA GAZEBO\u00a0,\u00a0TIRMANMA SETLER\u0130\u00a0,\u00a0D\u00d6NERL\u0130&hellip; <br \/> <a class=\"read-more\" href=\"https:\/\/www.deniz-sport.com\/tr_tr\/urunlerimiz\/kent-mobilyalari-ve-ihtiyaclari\/\">Devam\u0131<\/a><\/p>\n","protected":false},"author":1,"featured_media":0,"parent":509,"menu_order":0,"comment_status":"closed","ping_status":"closed","template":"","meta":{"footnotes":""},"tags":[127,120,124,123,119,116,117,125,128,118,121,122,126,92],"class_list":["post-758","page","type-page","status-publish","hentry","tag-apartman-cop-kovasi","tag-bank","tag-belediye-cop-kovasi","tag-cop-kovasi","tag-kamelya","tag-kent","tag-mobilya","tag-park-cop-kovasi","tag-park-kamelya","tag-pergole","tag-piknik","tag-piknik-masasi","tag-site-cop-kovasi","tag-site-parki"],"jetpack_sharing_enabled":true,"_links":{"self":[{"href":"https:\/\/www.deniz-sport.com\/tr_tr\/wp-json\/wp\/v2\/pages\/758","targetHints":{"allow":["GET"]}}],"collection":[{"href":"https:\/\/www.deniz-sport.com\/tr_tr\/wp-json\/wp\/v2\/pages"}],"about":[{"href":"https:\/\/www.deniz-sport.com\/tr_tr\/wp-json\/wp\/v2\/types\/page"}],"author":[{"embeddable":true,"href":"https:\/\/www.deniz-sport.com\/tr_tr\/wp-json\/wp\/v2\/users\/1"}],"replies":[{"embeddable":true,"href":"https:\/\/www.deniz-sport.com\/tr_tr\/wp-json\/wp\/v2\/comments?post=758"}],"version-history":[{"count":7,"href":"https:\/\/www.deniz-sport.com\/tr_tr\/wp-json\/wp\/v2\/pages\/758\/revisions"}],"predecessor-version":[{"id":3647,"href":"https:\/\/www.deniz-sport.com\/tr_tr\/wp-json\/wp\/v2\/pages\/758\/revisions\/3647"}],"up":[{"embeddable":true,"href":"https:\/\/www.deniz-sport.com\/tr_tr\/wp-json\/wp\/v2\/pages\/509"}],"wp:attachment":[{"href":"https:\/\/www.deniz-sport.com\/tr_tr\/wp-json\/wp\/v2\/media?parent=758"}],"wp:term":[{"taxonomy":"post_tag","embeddable":true,"href":"https:\/\/www.deniz-sport.com\/tr_tr\/wp-json\/wp\/v2\/tags?post=758"}],"curies":[{"name":"wp","href":"https:\/\/api.w.org\/{rel}","templated":true}]}}