{"id":709,"date":"2019-03-28T13:56:06","date_gmt":"2019-03-28T10:56:06","guid":{"rendered":"http:\/\/www.dnzsprt.com\/?page_id=709"},"modified":"2021-01-06T18:31:50","modified_gmt":"2021-01-06T15:31:50","slug":"sahip-oldugumuz-belgeler","status":"publish","type":"page","link":"https:\/\/www.deniz-sport.com\/tr_tr\/hakkimizda\/sahip-oldugumuz-belgeler\/","title":{"rendered":"Sahip Oldu\u011fumuz Belgeler"},"content":{"rendered":"\n\t\t<style type=\"text\/css\">\n\t\t\t#gallery-1 {\n\t\t\t\tmargin: auto;\n\t\t\t}\n\t\t\t#gallery-1 .gallery-item {\n\t\t\t\tfloat: left;\n\t\t\t\tmargin-top: 10px;\n\t\t\t\ttext-align: center;\n\t\t\t\twidth: 16%;\n\t\t\t}\n\t\t\t#gallery-1 img {\n\t\t\t\tborder: 2px solid #cfcfcf;\n\t\t\t}\n\t\t\t#gallery-1 .gallery-caption {\n\t\t\t\tmargin-left: 0;\n\t\t\t}\n\t\t\t\/* see gallery_shortcode() in wp-includes\/media.php *\/\n\t\t<\/style>\n\t\t<div id='gallery-1' class='gallery galleryid-709 gallery-columns-6 gallery-size-thumbnail'><dl class='gallery-item'>\n\t\t\t<dt class='gallery-icon landscape'>\n\t\t\t\t<a href='https:\/\/www.deniz-sport.com\/tr_tr\/hakkimizda\/sahip-oldugumuz-belgeler\/belge1\/'><img loading=\"lazy\" decoding=\"async\" width=\"150\" height=\"150\" src=\"https:\/\/www.deniz-sport.com\/wp-content\/uploads\/2019\/03\/belge1-150x150.jpg\" class=\"attachment-thumbnail size-thumbnail\" alt=\"\" \/><\/a>\n\t\t\t<\/dt><\/dl><dl class='gallery-item'>\n\t\t\t<dt class='gallery-icon landscape'>\n\t\t\t\t<a href='https:\/\/www.deniz-sport.com\/tr_tr\/hakkimizda\/sahip-oldugumuz-belgeler\/belge2\/'><img loading=\"lazy\" decoding=\"async\" width=\"150\" height=\"150\" src=\"https:\/\/www.deniz-sport.com\/wp-content\/uploads\/2019\/03\/belge2-150x150.jpg\" class=\"attachment-thumbnail size-thumbnail\" alt=\"\" \/><\/a>\n\t\t\t<\/dt><\/dl><dl class='gallery-item'>\n\t\t\t<dt class='gallery-icon landscape'>\n\t\t\t\t<a href='https:\/\/www.deniz-sport.com\/tr_tr\/hakkimizda\/sahip-oldugumuz-belgeler\/belge3\/'><img loading=\"lazy\" decoding=\"async\" width=\"150\" height=\"150\" src=\"https:\/\/www.deniz-sport.com\/wp-content\/uploads\/2019\/03\/belge3-150x150.jpg\" class=\"attachment-thumbnail size-thumbnail\" alt=\"\" \/><\/a>\n\t\t\t<\/dt><\/dl><dl class='gallery-item'>\n\t\t\t<dt class='gallery-icon landscape'>\n\t\t\t\t<a href='https:\/\/www.deniz-sport.com\/tr_tr\/hakkimizda\/sahip-oldugumuz-belgeler\/belge4\/'><img loading=\"lazy\" decoding=\"async\" width=\"150\" height=\"150\" src=\"https:\/\/www.deniz-sport.com\/wp-content\/uploads\/2019\/03\/belge4-150x150.jpg\" class=\"attachment-thumbnail size-thumbnail\" alt=\"\" \/><\/a>\n\t\t\t<\/dt><\/dl><dl class='gallery-item'>\n\t\t\t<dt class='gallery-icon landscape'>\n\t\t\t\t<a href='https:\/\/www.deniz-sport.com\/tr_tr\/hakkimizda\/sahip-oldugumuz-belgeler\/belge5\/'><img loading=\"lazy\" decoding=\"async\" width=\"150\" height=\"150\" src=\"https:\/\/www.deniz-sport.com\/wp-content\/uploads\/2019\/03\/belge5-150x150.jpg\" class=\"attachment-thumbnail size-thumbnail\" alt=\"\" srcset=\"https:\/\/www.deniz-sport.com\/wp-content\/uploads\/2019\/03\/belge5-150x150.jpg 150w, https:\/\/www.deniz-sport.com\/wp-content\/uploads\/2019\/03\/belge5-300x300.jpg 300w, https:\/\/www.deniz-sport.com\/wp-content\/uploads\/2019\/03\/belge5-768x768.jpg 768w, https:\/\/www.deniz-sport.com\/wp-content\/uploads\/2019\/03\/belge5.jpg 781w\" sizes=\"auto, (max-width: 150px) 100vw, 150px\" \/><\/a>\n\t\t\t<\/dt><\/dl><dl class='gallery-item'>\n\t\t\t<dt class='gallery-icon landscape'>\n\t\t\t\t<a href='https:\/\/www.deniz-sport.com\/tr_tr\/hakkimizda\/sahip-oldugumuz-belgeler\/belge6\/'><img loading=\"lazy\" decoding=\"async\" width=\"150\" height=\"150\" src=\"https:\/\/www.deniz-sport.com\/wp-content\/uploads\/2019\/03\/Belge6-150x150.jpg\" class=\"attachment-thumbnail size-thumbnail\" alt=\"\" \/><\/a>\n\t\t\t<\/dt><\/dl><br style=\"clear: both\" \/>\n\t\t<\/div>\n\n<p>&nbsp;<\/p>\n<p><a href=\"https:\/\/www.deniz-sport.com\/\">A\u00c7IK ALAN SPOR ALETLER\u0130<\/a>\u00a0,\u00a0<a href=\"https:\/\/www.deniz-sport.com\/\">A\u00c7IK ALAN F\u0130TNESS ALETLER\u0130<\/a>\u00a0,\u00a0<a href=\"https:\/\/www.deniz-sport.com\/\">DI\u015e MEKAN SPOR ALETLER\u0130<\/a>\u00a0,\u00a0<a href=\"https:\/\/www.deniz-sport.com\/\">DI\u015e MEKAN F\u0130TNESS ALETLER\u0130<\/a>\u00a0,\u00a0<a href=\"https:\/\/www.deniz-sport.com\/\">\u00c7OCUK OYUN GURUPLARI<\/a>\u00a0,\u00a0<a href=\"https:\/\/www.deniz-sport.com\/\">HAVADA Y\u00dcR\u00dcY\u00dc\u015e S\u0130STEM\u0130<\/a>\u00a0,\u00a0<a href=\"https:\/\/www.deniz-sport.com\/\">BEL ESNETME ALET\u0130<\/a>\u00a0,\u00a0<a href=\"https:\/\/www.deniz-sport.com\/\">B\u0130S\u0130KLET ve EL\u0130PT\u0130K B\u0130S\u0130KLET<\/a>\u00a0,\u00a0<a href=\"https:\/\/www.deniz-sport.com\/\">AH\u015eAP BANK VE KOMPOZ\u0130T BANK<\/a>\u00a0,\u00a0<a href=\"https:\/\/www.deniz-sport.com\/\">KAU\u00c7UK ZEM\u0130N KAPLAMA<\/a>\u00a0,\u00a0<a href=\"https:\/\/www.deniz-sport.com\/\">\u00c7\u00d6P KOVASI<\/a>\u00a0,\u00a0<a href=\"https:\/\/www.deniz-sport.com\/\">TAHTERAVALL\u0130 VE SALINCAK<\/a>\u00a0,\u00a0<a href=\"https:\/\/www.deniz-sport.com\/\">TEKN\u0130K \u015eARTNAME<\/a>\u00a0,\u00a0<a href=\"https:\/\/www.deniz-sport.com\/\">TEKN\u0130K \u00c7\u0130Z\u0130M<\/a>\u00a0,\u00a0<a href=\"https:\/\/www.deniz-sport.com\/\">KENT MOB\u0130LYALARI<\/a>\u00a0,\u00a0<a href=\"https:\/\/www.deniz-sport.com\/\">\u0130PL\u0130 TIRMANMA<\/a>\u00a0,<a href=\"https:\/\/www.deniz-sport.com\/\">ENGELL\u0130 SPOR ALETLER\u0130<\/a>\u00a0,\u00a0<a href=\"https:\/\/www.deniz-sport.com\/\">ENGELL\u0130 \u00c7OCUK OYUN GURUPLARI<\/a>\u00a0,\u00a0<a href=\"https:\/\/www.deniz-sport.com\/\">SP\u0130RAL KAYDIRAK , HELEZON KAYDIRAK<\/a>\u00a0,\u00a0<a href=\"https:\/\/www.deniz-sport.com\/\">D\u00dcZ KAYDIRAK<\/a>\u00a0,\u00a0<a href=\"https:\/\/www.deniz-sport.com\/\">P\u0130KN\u0130K MASALARI<\/a>\u00a0,\u00a0<a href=\"https:\/\/www.deniz-sport.com\/\">PERGOLA GAZEBO<\/a>\u00a0,\u00a0<a href=\"https:\/\/www.deniz-sport.com\/\">TIRMANMA SETLER\u0130<\/a>\u00a0,\u00a0<a href=\"https:\/\/www.deniz-sport.com\/\">D\u00d6NERL\u0130 OYUNCAKLAR<\/a>\u00a0,<a href=\"https:\/\/www.deniz-sport.com\/\">ZIPZIP \u00c7E\u015e\u0130TLER\u0130<\/a>\u00a0,\u00a0<a href=\"https:\/\/www.deniz-sport.com\/\">KAMEL\u0130YE VE PERGOLA<\/a><\/p>\n","protected":false},"excerpt":{"rendered":"<p>&nbsp; A\u00c7IK ALAN SPOR ALETLER\u0130\u00a0,\u00a0A\u00c7IK ALAN F\u0130TNESS ALETLER\u0130\u00a0,\u00a0DI\u015e MEKAN SPOR ALETLER\u0130\u00a0,\u00a0DI\u015e MEKAN F\u0130TNESS ALETLER\u0130\u00a0,\u00a0\u00c7OCUK OYUN GURUPLARI\u00a0,\u00a0HAVADA Y\u00dcR\u00dcY\u00dc\u015e S\u0130STEM\u0130\u00a0,\u00a0BEL ESNETME ALET\u0130\u00a0,\u00a0B\u0130S\u0130KLET ve EL\u0130PT\u0130K B\u0130S\u0130KLET\u00a0,\u00a0AH\u015eAP BANK VE KOMPOZ\u0130T BANK\u00a0,\u00a0KAU\u00c7UK ZEM\u0130N KAPLAMA\u00a0,\u00a0\u00c7\u00d6P KOVASI\u00a0,\u00a0TAHTERAVALL\u0130 VE SALINCAK\u00a0,\u00a0TEKN\u0130K \u015eARTNAME\u00a0,\u00a0TEKN\u0130K \u00c7\u0130Z\u0130M\u00a0,\u00a0KENT MOB\u0130LYALARI\u00a0,\u00a0\u0130PL\u0130 TIRMANMA\u00a0,ENGELL\u0130 SPOR ALETLER\u0130\u00a0,\u00a0ENGELL\u0130 \u00c7OCUK OYUN GURUPLARI\u00a0,\u00a0SP\u0130RAL KAYDIRAK , HELEZON KAYDIRAK\u00a0,\u00a0D\u00dcZ KAYDIRAK\u00a0,\u00a0P\u0130KN\u0130K MASALARI\u00a0,\u00a0PERGOLA GAZEBO\u00a0,\u00a0TIRMANMA SETLER\u0130\u00a0,\u00a0D\u00d6NERL\u0130 OYUNCAKLAR\u00a0,ZIPZIP \u00c7E\u015e\u0130TLER\u0130\u00a0,\u00a0KAMEL\u0130YE VE PERGOLA<\/p>\n","protected":false},"author":1,"featured_media":0,"parent":150,"menu_order":0,"comment_status":"closed","ping_status":"closed","template":"","meta":{"footnotes":""},"tags":[81,82,83,79,80,77,75,76,78],"class_list":["post-709","page","type-page","status-publish","hentry","tag-iso","tag-iso-14001","tag-iso-2004","tag-iso-9001","tag-iso-9002","tag-ohsas","tag-tse","tag-tse-heb","tag-tsek"],"jetpack_sharing_enabled":true,"_links":{"self":[{"href":"https:\/\/www.deniz-sport.com\/tr_tr\/wp-json\/wp\/v2\/pages\/709","targetHints":{"allow":["GET"]}}],"collection":[{"href":"https:\/\/www.deniz-sport.com\/tr_tr\/wp-json\/wp\/v2\/pages"}],"about":[{"href":"https:\/\/www.deniz-sport.com\/tr_tr\/wp-json\/wp\/v2\/types\/page"}],"author":[{"embeddable":true,"href":"https:\/\/www.deniz-sport.com\/tr_tr\/wp-json\/wp\/v2\/users\/1"}],"replies":[{"embeddable":true,"href":"https:\/\/www.deniz-sport.com\/tr_tr\/wp-json\/wp\/v2\/comments?post=709"}],"version-history":[{"count":6,"href":"https:\/\/www.deniz-sport.com\/tr_tr\/wp-json\/wp\/v2\/pages\/709\/revisions"}],"predecessor-version":[{"id":3626,"href":"https:\/\/www.deniz-sport.com\/tr_tr\/wp-json\/wp\/v2\/pages\/709\/revisions\/3626"}],"up":[{"embeddable":true,"href":"https:\/\/www.deniz-sport.com\/tr_tr\/wp-json\/wp\/v2\/pages\/150"}],"wp:attachment":[{"href":"https:\/\/www.deniz-sport.com\/tr_tr\/wp-json\/wp\/v2\/media?parent=709"}],"wp:term":[{"taxonomy":"post_tag","embeddable":true,"href":"https:\/\/www.deniz-sport.com\/tr_tr\/wp-json\/wp\/v2\/tags?post=709"}],"curies":[{"name":"wp","href":"https:\/\/api.w.org\/{rel}","templated":true}]}}