{"id":400,"date":"2019-03-27T19:46:38","date_gmt":"2019-03-27T16:46:38","guid":{"rendered":"http:\/\/www.dnzsprt.com\/?page_id=400"},"modified":"2019-04-12T12:31:48","modified_gmt":"2019-04-12T09:31:48","slug":"referanslarimiz","status":"publish","type":"page","link":"https:\/\/www.deniz-sport.com\/tr_tr\/referanslarimiz\/","title":{"rendered":"Referanslarimiz"},"content":{"rendered":"<h2>REFERANSLAR<\/h2>\n<table border=\"0\" width=\"900\" cellspacing=\"0\" cellpadding=\"0\">\n<tbody>\n<tr>\n<td width=\"286\"><strong>BELED\u0130YELER<\/strong><\/td>\n<td width=\"311\"><strong>ANTALYA-B\u00d6LGES\u0130 RAFERANSLARI<\/strong><\/td>\n<td width=\"269\"><strong>\u0130LGEN\u00c7L\u0130K SPOR M\u00dcD\u00dcRL\u00dcKLER\u0130M\u0130Z<\/strong><\/td>\n<\/tr>\n<tr>\n<td><\/td>\n<td><\/td>\n<td><\/td>\n<\/tr>\n<tr>\n<td rowspan=\"33\" valign=\"top\">1-\u0130STANBUL B\u00dcY\u00dcK\u015eEH\u0130R BLD.<br \/>\n2-ANKARA B\u00dcY\u00dcK\u015eEH\u0130R BLD.<br \/>\n3-KOCAEL\u0130 B\u00dcY\u00dcK\u015eEH\u0130R BLD.<br \/>\n4-ANTALYA B\u00dcY\u00dcK\u015eEH\u0130R BLD.<br \/>\n5-MERS\u0130N B\u00dcY\u00dcK\u015eEH\u0130R BLD.<br \/>\n6-GAZ\u0130ANTEP B\u00dcY\u00dcK\u015eEH\u0130R BLD.<br \/>\n7-KONYA B.\u015eEH\u0130R BLD.<br \/>\n8-KASTOMUNU BLD.<br \/>\n9-YALOVA BLD.<br \/>\n10-B\u0130LEC\u0130K BLD.<br \/>\n11-ED\u0130RNE BLD.<br \/>\n12-AKSARAY BLD.<br \/>\n13-VAN BLD.<br \/>\n14-KIRKLAREL\u0130 BLD.<br \/>\n15-ISPARTA BLD.<br \/>\n16-MU\u011eLA BLD.<br \/>\n17-TEK\u0130RDA\u011e BLD.<br \/>\n18-\u00c7ORUM BLD.<br \/>\n19-BAH\u00c7EL\u0130EVLER BLD.<br \/>\n20-KADIK\u00d6Y BLD.<br \/>\n21-BAKIRK\u00d6Y BLD.<br \/>\n22-EY\u00dcP BLD.<br \/>\n23-BAYRAMPA\u015eA BLD.<br \/>\n24-SARIYER BLD.<br \/>\n25-K.\u00c7EKMECE BLD.<br \/>\n26-BEYL\u0130KD\u00dcZ\u00dc BLD.<br \/>\n27-G.OSMANPA\u015eA BLD.<br \/>\n28-ESENLER BLD.<br \/>\n29-ESENYURT BLD.<br \/>\n30-KUMBURGAZ BLD.<br \/>\n31-\u00d6MERL\u0130 BLD.<br \/>\n32-\u00c7ANKAYA BLD.<br \/>\n33-YEN\u0130MAHALLE BLD.<br \/>\n34-G\u00d6LBA\u015eI BLD.<br \/>\n35-MAMAK BLD.<br \/>\n36-ALTINDA\u011e BLD.<br \/>\n37-ET\u0130MESGUT BLD.<br \/>\n38-POLATLI BLD.<br \/>\n39-ALANYA BLD.<br \/>\n40-KEPEZ BLD.<br \/>\n41-MURATPA\u015eA BLD.<br \/>\n42-TOSMUR BLD.<br \/>\n43-KONYAALTI BLD.<br \/>\n44-YEN\u0130K\u00d6Y BLD.<br \/>\n45-KEMER \u00c7AMYUVA BLD.<br \/>\n46-KEMER-OVA BLD.<br \/>\n47-ALANYA-AVSALLAR BLD.<br \/>\n48-ALANYA OBA BLD.<br \/>\n49-ALANYA MAHMUTLAR BLD.<br \/>\n50-ISPARTA ULUBORLU BLD.<br \/>\n51-KOCAEL\u0130 SARAYBAH\u00c7E<br \/>\n52-\u00c7ORLU BLD.<br \/>\n53-\u00c7INARCIK BLD.<br \/>\n54-SAMSUN-KUTLIKENT BLD.<br \/>\n55-KAYSER\u0130-MEL\u0130KGAZ\u0130 BLD.<br \/>\n56-KAYSER\u0130-TALAS BLD.<br \/>\n57-KAYSER\u0130-BUNYAN BLD.<br \/>\n58-\u00c7ERKEZK\u00d6Y BLD.<br \/>\n59-\u0130ZM\u0130R-BAL\u00c7OVA BLD<br \/>\n60-MALATYA-FETH\u0130YE BLD.<br \/>\n61-TARSUS BLD.<br \/>\n62-\u0130SKENDERUN BLD.<br \/>\n63-G.ANTEP \u015eEH\u0130TKAM\u0130L BLD.<br \/>\n64-ADANA-KAD\u0130RL\u0130 BLD.<br \/>\n65-MERS\u0130N YEN\u0130\u015eEH\u0130R BLD.<br \/>\n66-MERS\u0130N-AKDEN\u0130Z BLD.<br \/>\n67-MERS\u0130N MEZ\u0130TL\u0130 BLD.<br \/>\n68-MERS\u0130N-ANAMUR BLD.<br \/>\n69-MERS\u0130N TA\u015eUCU BLD.<br \/>\n70-MERS\u0130N-TOROSLAR BLD.<br \/>\n71-S\u0130L\u0130FKE BLD.<br \/>\n72-BODRUM BLD.<br \/>\n73-FETH\u0130YE BLD.<br \/>\n74-AYDIN-\u00c7\u0130NE BLD.<br \/>\n75-S\u00d6KE BLD.<br \/>\n76-FETH\u0130YE-KARA\u00c7ULHA<br \/>\n77-R\u0130ZE BLD.<br \/>\n78-BOLU-MENGEN BLD.<br \/>\n79-DEN\u0130ZL\u0130-\u00c7\u0130VR\u0130L BLD.<br \/>\n80-MERS\u0130N-AYDINCIK BLD.<br \/>\n81-ADANA B.\u015eEH\u0130R BLD.<br \/>\n82-YEN\u0130KENT BLD.<br \/>\n83-NEV\u015eEH\u0130R BLD.<br \/>\n84-ANKARA LALAHAN BLD.<br \/>\n85-ALTINDA\u011e BLD.<br \/>\n86-MERS\u0130N-BOZYAZI BLD.<br \/>\n87-AYA\u015e BLD. ANKARA<br \/>\n88-ULUTEPE BLD.<br \/>\n89-BOLLUCA BLD.<br \/>\n90-BO\u011eAZK\u00d6Y BLD.<br \/>\n91-FAT\u0130H BLD.<br \/>\n92-\u00dcMRAN\u0130YE BLD.<br \/>\n93-BEYKOZ BLD.<br \/>\n94-G\u00dcNG\u00d6REN BLD.<br \/>\n95-EM\u0130N\u00d6N\u00dc BLD.<br \/>\n96-BEYO\u011eLU BLD.<br \/>\n97-KIRA\u00c7 BLD.<br \/>\n98-HARA\u00c7\u00c7I BLD.<br \/>\n99-\u015e\u0130LE BLD.<br \/>\n100-HADIMK\u00d6Y BLD.<br \/>\n101-KARTAL BLD.<br \/>\n102-BAH\u00c7EK\u00d6Y BLD.<br \/>\n103-CELAL\u0130YE BLD.<br \/>\n104-SEL\u0130MPA\u015eA BLD.<br \/>\n105-G\u00dcRPINAR BLD.<br \/>\n106-MALKARA BLD.<br \/>\n107-BE\u015e\u0130KTA\u015e BLD.<br \/>\n108-KAVAKLI BLD.<br \/>\n109-YAKUPLU BLD.<br \/>\n110-\u00c7AVU\u015eBA\u015eI BLD.<br \/>\n111-\u015eARK\u00d6Y BLD.<br \/>\n112-ADAPAZARI MRK BLD.<\/td>\n<td rowspan=\"10\" valign=\"top\">113-B\u00dcY\u00dcK\u015eEH\u0130R BLD.<br \/>\n114-MURATPA\u015eA BLD.<br \/>\n115-KONYAALTI BLD.<br \/>\n116-KEPEZ BLD.<br \/>\n117-YEN\u0130K\u00d6Y BLD.<br \/>\n118-YE\u015e\u0130LBAYIR BLD.<br \/>\n119\u2014KEMER BLD.<br \/>\n120-\u00c7AMYUVA BLD<br \/>\n121-G\u00d6YN\u00dcK BLD.<br \/>\n122-KUMLUCA BLD.<br \/>\n123-MAV\u0130KENT BLD.<br \/>\n124-F\u0130N\u0130KE BLD.<br \/>\n125-YE\u015e\u0130LYURT BLD.<br \/>\n126-KA\u015e KAYMAKAMLI\u011eI<br \/>\n127-KALKAN BLD.<br \/>\n128-OVA BLD.<br \/>\n129-FETH\u0130YE KEMER BLD.<br \/>\n130-G\u00d6CEK BLD.<br \/>\n131-SER\u0130K BLD.<br \/>\n132-KADR\u0130YE BLD.<br \/>\n133-S\u0130DE BLD.<br \/>\n134-EVRENSEK\u0130 BLD.<br \/>\n135-ALANYA BLD.<br \/>\n136-AVSALLAR BLD.<br \/>\n137-T\u00dcRKLER BLD.<br \/>\n138-OBA BLD.<br \/>\n139-TOSMUR BLD.<br \/>\n140-KESTER BLD.<br \/>\n141-MAHMUTLAR BLD.<br \/>\n142-GAZ\u0130PA\u015eA BLD.<br \/>\n143-ELMALI BLD.<br \/>\n144-\u0130BRADI KAYMAKAMLI\u011eI<br \/>\n145-ORMANA BLD.<br \/>\n146-ISPARTA BLD.<br \/>\n147-BURDUR BLD.<br \/>\n148-BOLVAD\u0130N BLD.<\/td>\n<td valign=\"top\">207-ANKARA GEN\u00c7L\u0130K SPOR M\u00dcD-ANKARA<br \/>\n208-ERBA\u011e GEN\u00c7L\u0130K SPOR M\u00dcD\u00dcRL\u00dc\u011e\u00dc-TOKAT<br \/>\n209-TOKAT GEN\u00c7L\u0130K SPOR M\u00dcD\u00dcRL\u00dc\u011e\u00dc-TOKAT<\/td>\n<\/tr>\n<tr>\n<td valign=\"top\"><\/td>\n<\/tr>\n<tr>\n<td valign=\"top\"><strong>FABR\u0130KALAR<\/strong><\/td>\n<\/tr>\n<tr>\n<td valign=\"top\"><\/td>\n<\/tr>\n<tr>\n<td valign=\"top\">231-VORNE \u0130LER\u0130 KALIP\u00c7ILIK<br \/>\n232-RAVELL\u0130 G\u00d6MLEKLER\u0130<\/td>\n<\/tr>\n<tr>\n<td valign=\"top\"><\/td>\n<\/tr>\n<tr>\n<td valign=\"top\"><strong>\u00d6ZEL SEKT\u00d6R<\/strong><\/td>\n<\/tr>\n<tr>\n<td valign=\"top\"><\/td>\n<\/tr>\n<tr>\n<td valign=\"top\"><\/td>\n<\/tr>\n<tr>\n<td valign=\"top\">210-NUROL HOLD\u0130NG-ANKARA<br \/>\n211-NURSOY HOLD\u0130NG-ANKARA<br \/>\n212-TLT GRUP-ANKARA<br \/>\n213-TEKHOM A.\u015e-ANKARA<br \/>\n214-MUTLU K\u00d6Y TAT\u0130L S\u0130TES\u0130<br \/>\n215-B\u0130LKENT \u00c7AMLIK1 V\u0130LLALARI-ANKARA<br \/>\n216-SOL\u0130 TES\u0130SLER\u0130-MERS\u0130N<br \/>\n217-S\u00d6\u011e\u00dcTL\u00dcPINAR TAT\u0130L S\u0130TES\u0130-MERS\u0130N<br \/>\n218-\u015eAH\u0130N PLAZA \u2013MERS\u0130N<br \/>\n219-ISKARP\u0130N AYAKKABI MA\u011eAZALARI-AYDIN<br \/>\n220-\u0130REM S\u0130TES\u0130 ANKARA<br \/>\n221-PLANET \u0130\u015e MERKEZ\u0130-ANKARA<br \/>\n222-ORDEM \u0130N\u015e A\u015e.-ANKARA<br \/>\n223-MERZ\u0130FON SPOR KOMPLEKS\u0130<br \/>\n224-YEN\u0130AY S\u0130TELER\u0130-ANKARA<br \/>\n225-ROYAL PARK RES\u0130DENCE \u2013\u0130STANBUL<br \/>\n226-KAPTAN-1 TAT\u0130L S\u0130TES\u0130-TEK\u0130RDA\u011e<br \/>\n227-KAPTAN-5 TAT\u0130L S\u0130TES\u0130<br \/>\n228-MAV\u0130 MARMARA TAT\u0130L S\u0130TES\u0130<br \/>\n229-UYUMKENT TAT\u0130L S\u0130TES\u0130<br \/>\n230-MED\u0130KO 1 S\u0130TES\u0130<\/td>\n<\/tr>\n<tr>\n<td valign=\"top\"><\/td>\n<td valign=\"top\"><\/td>\n<\/tr>\n<tr>\n<td valign=\"top\"><strong>OTELLER\u0130M\u0130Z<\/strong><\/td>\n<td valign=\"top\"><\/td>\n<\/tr>\n<tr>\n<td valign=\"top\"><\/td>\n<td valign=\"top\"><\/td>\n<\/tr>\n<tr>\n<td valign=\"top\">149-BA\u015eKAENT \u00d6\u011eR.EV\u0130-ANKARA<br \/>\n150-TITANIC OTEL<br \/>\n151-ACROPOL BEACH HOTEL<br \/>\n152-KAYA EAGLES GOLF CLUP<br \/>\n153-BELCONTI RESORT HOTEL<br \/>\n154-CLUP LAGONYA GARDEN<br \/>\n155-VERA PARAD\u0130SO OTEL<br \/>\n156-VERA LINDITA HOTEL<br \/>\n157-EM\u0130RHAN SPOR KOMPLEX<br \/>\n158-OSMANLI PAZAAR<br \/>\n159-CLUP&amp;HOTEL KARABURUN<br \/>\n160-ASKA BARAN HOTEL<br \/>\n161-YETK\u0130N HOTEL<br \/>\n162-ASKA CLUP HOTEL SUN HEAVEN<br \/>\n163-WH\u0130TE CITY HOTEL<br \/>\n164-PARK ORMAN RESTAURANT<br \/>\n165-SANTANA OTEL<br \/>\n166-GOLD CITY TUR\u0130ZM KOMPLEX<br \/>\n167-ALATIMYA VILLAGE<br \/>\n168-DA\u0130MA RESORT<br \/>\n169-PHASELIS PRINCES OTEL<\/td>\n<td valign=\"top\"><\/td>\n<\/tr>\n<tr>\n<td valign=\"top\"><\/td>\n<td valign=\"top\"><\/td>\n<\/tr>\n<tr>\n<td valign=\"top\"><strong>KONUT<\/strong><\/td>\n<td valign=\"top\"><\/td>\n<\/tr>\n<tr>\n<td valign=\"top\"><\/td>\n<td valign=\"top\"><\/td>\n<\/tr>\n<tr>\n<td valign=\"top\">170-PINARLAR S\u0130TES\u0130<br \/>\n171-KARABULUT S\u0130TES\u0130<br \/>\n172-KELE\u015eO\u011eLU \u0130N\u015eAAT<br \/>\n173-ERC\u0130YESLER \u0130N\u015eAAT<br \/>\n174-GAYE KONUT YAPI KOOP.<br \/>\n175-RIZA \u00dcNAL S\u0130TES\u0130<br \/>\n176-YILDIZ TA\u015eI \u0130N\u015eAAT<br \/>\n177-MGA \u0130N\u015eAAT<br \/>\n178-C.S.K \u0130N\u015eAAT<\/td>\n<td valign=\"top\"><\/td>\n<\/tr>\n<tr>\n<td valign=\"top\"><\/td>\n<td valign=\"top\"><\/td>\n<\/tr>\n<tr>\n<td colspan=\"2\" valign=\"top\"><strong>T\u00dcRK S\u0130LAHLI KUVVETLER\u0130<\/strong><\/td>\n<\/tr>\n<tr>\n<td valign=\"top\"><\/td>\n<td valign=\"top\"><\/td>\n<\/tr>\n<tr>\n<td valign=\"top\">179-T.S.K KARPUZ KALDIRAN \u00d6EM.K.LI\u011eI<br \/>\n180-T.S.K.40.P\u0130YADE ALAYI LOJ.<br \/>\n181-T.S.K BODRUM \u00d6Z.E\u011eT.MRK.K.LI\u011eI<br \/>\n182-T.S.K FO\u00c7A \u00d6ZEL E\u011eT.MRK.K.LI\u011eI<br \/>\n183-ASKER\u0130 B\u0130RL\u0130KLER\u0130M\u0130Z LOJMANLAR<br \/>\n184-GENEL KURMAY BA\u015eKANLI\u011eI<br \/>\n185-GENEL KURMAY SPOR OKULLARI<br \/>\n186-\u0130ST\u0130HKAM OKULU VE E\u011eT.T\u00dcMEN\u0130 NARLIDERE \u0130ZM\u0130R<br \/>\n187-TSK.KARPUZ KALDIRAN \u2013ANTALYA<br \/>\n188-15.P\u0130YADE TUGAYI-AMASYA<br \/>\n189-ZIRHLI B\u0130RL\u0130K HAVA HASTANES\u0130-ET\u0130MESGUT-ANKARA<br \/>\n190-HAVA LOJMANLARI-ET\u0130MESGUT-ANKARA<br \/>\n191-ZIRHLI B\u0130RL\u0130K LOJ-ET\u0130MESGUT-ANKARA<br \/>\n192-ANAMUR SAH\u0130L G\u00dcVENL\u0130K-MERS\u0130N<br \/>\n193-D\u0130YAYBAKIR HAVA HASTANES\u0130 KOMUTANLI\u011eI-D\u0130YARBAKIR<\/td>\n<td valign=\"top\"><\/td>\n<\/tr>\n<tr>\n<td colspan=\"2\" valign=\"top\"><\/td>\n<\/tr>\n<tr>\n<td valign=\"top\"><strong>EMN\u0130YET GENEL M\u00dcD\u00dcRL\u00dc\u011e\u00dc \u2013 LOJMANLAR<\/strong><\/td>\n<td valign=\"top\"><\/td>\n<\/tr>\n<tr>\n<td colspan=\"2\" valign=\"top\"><\/td>\n<\/tr>\n<tr>\n<td valign=\"top\">194-G\u00d6LBA\u015eI POL\u0130S AKADEM\u0130S\u0130-ANKARA<br \/>\n195-\u00c7ANKAYA 2.KISIM POL\u0130S LOJMANLARI-ANKARA<br \/>\n196-DEMETEVLER POL\u0130S LOJMANLARI-ANKARA<br \/>\n197-YARGITAY LOJMANLARI-ANKARA<br \/>\n198-ADL\u0130YE LOJMANLARI-ANKARA<\/td>\n<td valign=\"top\"><\/td>\n<\/tr>\n<tr>\n<td colspan=\"2\" valign=\"top\"><\/td>\n<\/tr>\n<tr>\n<td valign=\"top\"><strong>E\u011e\u0130T\u0130M KURUMLARI<\/strong><\/td>\n<td valign=\"top\"><\/td>\n<\/tr>\n<tr>\n<td colspan=\"2\" valign=\"top\"><\/td>\n<\/tr>\n<tr>\n<td valign=\"top\">199-AKDEN\u0130Z \u00dcN\u00dcVERS\u0130TES\u0130<br \/>\n200-BARBOROS \u0130LK\u00d6\u011eRET\u0130M OKULU<br \/>\n201-ANTALYA ANADOLU L\u0130SES\u0130<br \/>\n202-MOB\u0130L \u0130LK\u00d6\u011eRET\u0130M OKULU<\/td>\n<td valign=\"top\"><\/td>\n<\/tr>\n<tr>\n<td colspan=\"2\" valign=\"top\"><\/td>\n<\/tr>\n<tr>\n<td valign=\"top\"><strong>PEYZAJ F\u0130RMALARI<\/strong><\/td>\n<td valign=\"top\"><\/td>\n<\/tr>\n<tr>\n<td valign=\"top\">203-\u00dcN PEYZAJ<br \/>\n204-BEST PEYZAJ<br \/>\n205-\u00c7EK\u0130RDEK PEYZAJ<br \/>\n206-PEL\u0130T AH\u015eAP<\/p>\n<p>&nbsp;<\/td>\n<\/tr>\n<\/tbody>\n<\/table>\n<p>&nbsp;<\/p>\n<p><a href=\"https:\/\/www.dnzsprt.com\/\">A\u00c7IK ALAN SPOR ALETLER\u0130<\/a>\u00a0,\u00a0<a href=\"https:\/\/www.dnzsprt.com\/\">A\u00c7IK ALAN F\u0130TNESS ALETLER\u0130<\/a>\u00a0,\u00a0<a href=\"https:\/\/www.dnzsprt.com\/\">DI\u015e MEKAN SPOR ALETLER\u0130<\/a>\u00a0,\u00a0<a href=\"https:\/\/www.dnzsprt.com\/\">DI\u015e MEKAN F\u0130TNESS ALETLER\u0130<\/a>\u00a0,\u00a0<a href=\"https:\/\/www.dnzsprt.com\/\">\u00c7OCUK OYUN GURUPLARI<\/a>\u00a0,\u00a0<a href=\"https:\/\/www.dnzsprt.com\/\">HAVADA Y\u00dcR\u00dcY\u00dc\u015e S\u0130STEM\u0130<\/a>\u00a0,\u00a0<a href=\"https:\/\/www.dnzsprt.com\/\">BEL ESNETME ALET\u0130<\/a>\u00a0,\u00a0<a href=\"https:\/\/www.dnzsprt.com\/\">B\u0130S\u0130KLET ve EL\u0130PT\u0130K B\u0130S\u0130KLET<\/a>\u00a0,\u00a0<a href=\"https:\/\/www.dnzsprt.com\/\">AH\u015eAP BANK VE KOMPOZ\u0130T BANK<\/a>\u00a0,\u00a0<a href=\"https:\/\/www.dnzsprt.com\/\">KAU\u00c7UK ZEM\u0130N KAPLAMA<\/a>\u00a0,\u00a0<a href=\"https:\/\/www.dnzsprt.com\/\">\u00c7\u00d6P KOVASI<\/a>\u00a0,\u00a0<a href=\"https:\/\/www.dnzsprt.com\/\">TAHTERAVALL\u0130 VE SALINCAK<\/a>\u00a0,\u00a0<a href=\"https:\/\/www.dnzsprt.com\/\">TEKN\u0130K \u015eARTNAME<\/a>\u00a0,\u00a0<a href=\"https:\/\/www.dnzsprt.com\/\">TEKN\u0130K \u00c7\u0130Z\u0130M<\/a>\u00a0,\u00a0<a href=\"https:\/\/www.dnzsprt.com\/\">KENT MOB\u0130LYALARI<\/a>\u00a0,\u00a0<a href=\"https:\/\/www.dnzsprt.com\/\">\u0130PL\u0130 TIRMANMA<\/a>\u00a0,<a href=\"https:\/\/www.dnzsprt.com\/\">ENGELL\u0130 SPOR ALETLER\u0130<\/a>\u00a0,\u00a0<a href=\"https:\/\/www.dnzsprt.com\/\">ENGELL\u0130 \u00c7OCUK OYUN GURUPLARI<\/a>\u00a0,\u00a0<a href=\"https:\/\/www.dnzsprt.com\/\">SP\u0130RAL KAYDIRAK , HELEZON KAYDIRAK<\/a>\u00a0,\u00a0<a href=\"https:\/\/www.dnzsprt.com\/\">D\u00dcZ KAYDIRAK<\/a>\u00a0,\u00a0<a href=\"https:\/\/www.dnzsprt.com\/\">P\u0130KN\u0130K MASALARI<\/a>\u00a0,\u00a0<a href=\"https:\/\/www.dnzsprt.com\/\">PERGOLA GAZEBO<\/a>\u00a0,\u00a0<a href=\"https:\/\/www.dnzsprt.com\/\">TIRMANMA SETLER\u0130<\/a>\u00a0,\u00a0<a href=\"https:\/\/www.dnzsprt.com\/\">D\u00d6NERL\u0130 OYUNCAKLAR<\/a>\u00a0,<a href=\"https:\/\/www.dnzsprt.com\/\">ZIPZIP \u00c7E\u015e\u0130TLER\u0130<\/a>\u00a0,\u00a0<a href=\"https:\/\/www.dnzsprt.com\/\">KAMEL\u0130YE VE PERGOLA<\/a><\/p>\n","protected":false},"excerpt":{"rendered":"<p>REFERANSLAR BELED\u0130YELER ANTALYA-B\u00d6LGES\u0130 RAFERANSLARI \u0130LGEN\u00c7L\u0130K SPOR M\u00dcD\u00dcRL\u00dcKLER\u0130M\u0130Z 1-\u0130STANBUL B\u00dcY\u00dcK\u015eEH\u0130R BLD. 2-ANKARA B\u00dcY\u00dcK\u015eEH\u0130R BLD. 3-KOCAEL\u0130 B\u00dcY\u00dcK\u015eEH\u0130R BLD. 4-ANTALYA B\u00dcY\u00dcK\u015eEH\u0130R BLD. 5-MERS\u0130N B\u00dcY\u00dcK\u015eEH\u0130R BLD. 6-GAZ\u0130ANTEP B\u00dcY\u00dcK\u015eEH\u0130R BLD. 7-KONYA B.\u015eEH\u0130R BLD. 8-KASTOMUNU BLD. 9-YALOVA BLD. 10-B\u0130LEC\u0130K BLD. 11-ED\u0130RNE BLD. 12-AKSARAY BLD. 13-VAN BLD. 14-KIRKLAREL\u0130 BLD. 15-ISPARTA BLD. 16-MU\u011eLA BLD. 17-TEK\u0130RDA\u011e BLD. 18-\u00c7ORUM BLD. 19-BAH\u00c7EL\u0130EVLER BLD. 20-KADIK\u00d6Y BLD. 21-BAKIRK\u00d6Y&hellip; <br \/> <a class=\"read-more\" href=\"https:\/\/www.deniz-sport.com\/tr_tr\/referanslarimiz\/\">Devam\u0131<\/a><\/p>\n","protected":false},"author":1,"featured_media":0,"parent":0,"menu_order":0,"comment_status":"closed","ping_status":"closed","template":"","meta":{"footnotes":""},"tags":[44,45,42,46,47,41,43],"class_list":["post-400","page","type-page","status-publish","hentry","tag-belediye-parki","tag-belediye-spor-parki","tag-belediyeler","tag-referans-belediye","tag-referans-firmalar","tag-referanslar","tag-spor-parki"],"jetpack_sharing_enabled":true,"_links":{"self":[{"href":"https:\/\/www.deniz-sport.com\/tr_tr\/wp-json\/wp\/v2\/pages\/400","targetHints":{"allow":["GET"]}}],"collection":[{"href":"https:\/\/www.deniz-sport.com\/tr_tr\/wp-json\/wp\/v2\/pages"}],"about":[{"href":"https:\/\/www.deniz-sport.com\/tr_tr\/wp-json\/wp\/v2\/types\/page"}],"author":[{"embeddable":true,"href":"https:\/\/www.deniz-sport.com\/tr_tr\/wp-json\/wp\/v2\/users\/1"}],"replies":[{"embeddable":true,"href":"https:\/\/www.deniz-sport.com\/tr_tr\/wp-json\/wp\/v2\/comments?post=400"}],"version-history":[{"count":4,"href":"https:\/\/www.deniz-sport.com\/tr_tr\/wp-json\/wp\/v2\/pages\/400\/revisions"}],"predecessor-version":[{"id":956,"href":"https:\/\/www.deniz-sport.com\/tr_tr\/wp-json\/wp\/v2\/pages\/400\/revisions\/956"}],"wp:attachment":[{"href":"https:\/\/www.deniz-sport.com\/tr_tr\/wp-json\/wp\/v2\/media?parent=400"}],"wp:term":[{"taxonomy":"post_tag","embeddable":true,"href":"https:\/\/www.deniz-sport.com\/tr_tr\/wp-json\/wp\/v2\/tags?post=400"}],"curies":[{"name":"wp","href":"https:\/\/api.w.org\/{rel}","templated":true}]}}