{"id":378,"date":"2019-03-27T19:00:24","date_gmt":"2019-03-27T16:00:24","guid":{"rendered":"http:\/\/www.dnzsprt.com\/?page_id=378"},"modified":"2023-01-10T10:28:07","modified_gmt":"2023-01-10T07:28:07","slug":"gizlilik","status":"publish","type":"page","link":"https:\/\/www.deniz-sport.com\/tr_tr\/hakkimizda\/gizlilik\/","title":{"rendered":"Gizlilik Politikam\u0131z"},"content":{"rendered":"<p>Bu gizlilik politikas\u0131 ile Deniz Sport\u00a0 (Gizlilik politikas\u0131nda \u201cdeniz-sport.com\u201d olarak an\u0131lacakt\u0131r) \u00fczerinden kullan\u0131c\u0131lar\u0131n deniz-sport.com\u2019da bulunan ki\u015fisel bilgilerinin kullan\u0131m\u0131 ve korunmas\u0131 d\u00fczenlenmektedir.<\/p>\n<p>Kullan\u0131c\u0131lar\u0131n ki\u015fisel bilgileri, ad\u0131 \u2013 soyad\u0131, do\u011fum tarihi, telefon numaras\u0131, e-posta adresi, T.C kimlik numaras\u0131 gibi kullan\u0131c\u0131y\u0131 do\u011frudan ya da dolayl\u0131 olarak tan\u0131mlamaya y\u00f6nelik her t\u00fcrl\u00fc ki\u015fisel bilgi olup, bu gizlilik politikas\u0131nda \u201cki\u015fisel bilgiler\u201d olarak an\u0131lacakt\u0131r.<\/p>\n<p>deniz-sport.com kullan\u0131c\u0131lar\u0131n\u0131n ki\u015fisel bilgileri, bu gizlilik politikas\u0131 ile belirlenen esas ve kapsam haricinde hi\u00e7bir \u015fekilde kullan\u0131lmayacak ve ancak kullan\u0131c\u0131n\u0131n a\u00e7\u0131k r\u0131zas\u0131 ile \u00fc\u00e7\u00fcnc\u00fc ki\u015filerle payla\u015f\u0131lacakt\u0131r.<\/p>\n<p>deniz-sport.com, ki\u015fisel bilgilerin ve deniz-sport.com kullan\u0131c\u0131lar\u0131n\u0131n ger\u00e7ekle\u015ftirmi\u015f oldu\u011fu i\u015flem bilgilerinin g\u00fcvenli\u011fini ve gizlili\u011fini sa\u011flamak i\u00e7in gerekli \u00f6nlemleri almaktad\u0131r. deniz-sport.com bu ama\u00e7la, ba\u015fka programlar kullanabilir. Ancak, deniz-sport.com taraf\u0131ndan gerekli bilgi g\u00fcvenli\u011fi \u00f6nlemlerinin almas\u0131na kar\u015f\u0131n internet sitesine ve\/veya sisteme yap\u0131lan sald\u0131r\u0131lar sonucunda ki\u015fisel bilgilerin zarar g\u00f6rmesi veya \u00fc\u00e7\u00fcnc\u00fc ki\u015filerin eline ge\u00e7mesi durumunda, deniz-sport.com\u2019un bu nedenle herhangi bir sorumlulu\u011fu olmayacakt\u0131r.<\/p>\n<p>Bir kullan\u0131c\u0131n\u0131n, bir ba\u015fka kullan\u0131c\u0131n\u0131n bilgilerine ula\u015fmas\u0131 ve bu bilgileri de\u011fi\u015ftirmesi m\u00fcmk\u00fcn de\u011fildir. Kullan\u0131c\u0131n\u0131n ki\u015fisel bilgileri, deniz-sport.com haricinde yaln\u0131zca kullan\u0131c\u0131 taraf\u0131ndan ula\u015f\u0131labilir ve bu bilgiler ancak kullan\u0131c\u0131 taraf\u0131ndan g\u00fcncellenebilir. Kullan\u0131c\u0131n\u0131n talebi ile ki\u015fisel bilgiler deniz-sport.com taraf\u0131ndan da g\u00fcncellenebilecektir.<\/p>\n<p>\u0130dari kurumlar ve adli kurumlar taraf\u0131ndan gelen talepler ve bildirimler do\u011frultusunda ki\u015fisel bilgiler, Gizlilik Politikas\u0131na uygun olarak adli ve idari kurumlar ile payla\u015f\u0131labilir.<\/p>\n<p>Kullan\u0131c\u0131n\u0131n ki\u015fisel bilgileri; ger\u00e7ekle\u015ftirilen i\u015flemlerde gerekli g\u00f6r\u00fclmesi halinde, s\u00fcrecin h\u0131zland\u0131r\u0131lmas\u0131 ve kullan\u0131c\u0131lar aras\u0131ndaki ileti\u015fimi sa\u011flamak amac\u0131yla i\u015fleme dahil olan di\u011fer kullan\u0131c\u0131 ile payla\u015f\u0131labilir.<\/p>\n<p>deniz-sport.com, internet sayfas\u0131n\u0131 kullanan kullan\u0131c\u0131lar\u0131n istatistiksel bilgilerini, teknik bir ileti\u015fim dosyas\u0131n\u0131 kullanarak elde edebilir. Kullan\u0131c\u0131lar isterse, bu dosyay\u0131 engellemeye y\u00f6nelik taray\u0131c\u0131 ayarlar\u0131n\u0131 de\u011fi\u015ftirebilirler.<\/p>\n<p>deniz-sport.com internet sitesini ziyaret eden her kullan\u0131c\u0131, deniz-sport.com gizlilik politikas\u0131 h\u00fck\u00fcmlerini kabul etmi\u015f say\u0131lacakt\u0131r.<\/p>\n","protected":false},"excerpt":{"rendered":"<p>Bu gizlilik politikas\u0131 ile Deniz Sport\u00a0 (Gizlilik politikas\u0131nda \u201cdeniz-sport.com\u201d olarak an\u0131lacakt\u0131r) \u00fczerinden kullan\u0131c\u0131lar\u0131n deniz-sport.com\u2019da bulunan ki\u015fisel bilgilerinin kullan\u0131m\u0131 ve korunmas\u0131 d\u00fczenlenmektedir. Kullan\u0131c\u0131lar\u0131n ki\u015fisel bilgileri, ad\u0131 \u2013 soyad\u0131, do\u011fum tarihi, telefon numaras\u0131, e-posta adresi, T.C kimlik numaras\u0131 gibi kullan\u0131c\u0131y\u0131 do\u011frudan ya da dolayl\u0131 olarak tan\u0131mlamaya y\u00f6nelik her t\u00fcrl\u00fc ki\u015fisel bilgi olup, bu gizlilik politikas\u0131nda \u201cki\u015fisel bilgiler\u201d&hellip; <br \/> <a class=\"read-more\" href=\"https:\/\/www.deniz-sport.com\/tr_tr\/hakkimizda\/gizlilik\/\">Devam\u0131<\/a><\/p>\n","protected":false},"author":1,"featured_media":0,"parent":150,"menu_order":0,"comment_status":"closed","ping_status":"closed","template":"","meta":{"footnotes":""},"tags":[85,57,84],"class_list":["post-378","page","type-page","status-publish","hentry","tag-deniz-group","tag-deniz-sport","tag-hakkimizda"],"jetpack_sharing_enabled":true,"_links":{"self":[{"href":"https:\/\/www.deniz-sport.com\/tr_tr\/wp-json\/wp\/v2\/pages\/378","targetHints":{"allow":["GET"]}}],"collection":[{"href":"https:\/\/www.deniz-sport.com\/tr_tr\/wp-json\/wp\/v2\/pages"}],"about":[{"href":"https:\/\/www.deniz-sport.com\/tr_tr\/wp-json\/wp\/v2\/types\/page"}],"author":[{"embeddable":true,"href":"https:\/\/www.deniz-sport.com\/tr_tr\/wp-json\/wp\/v2\/users\/1"}],"replies":[{"embeddable":true,"href":"https:\/\/www.deniz-sport.com\/tr_tr\/wp-json\/wp\/v2\/comments?post=378"}],"version-history":[{"count":4,"href":"https:\/\/www.deniz-sport.com\/tr_tr\/wp-json\/wp\/v2\/pages\/378\/revisions"}],"predecessor-version":[{"id":3693,"href":"https:\/\/www.deniz-sport.com\/tr_tr\/wp-json\/wp\/v2\/pages\/378\/revisions\/3693"}],"up":[{"embeddable":true,"href":"https:\/\/www.deniz-sport.com\/tr_tr\/wp-json\/wp\/v2\/pages\/150"}],"wp:attachment":[{"href":"https:\/\/www.deniz-sport.com\/tr_tr\/wp-json\/wp\/v2\/media?parent=378"}],"wp:term":[{"taxonomy":"post_tag","embeddable":true,"href":"https:\/\/www.deniz-sport.com\/tr_tr\/wp-json\/wp\/v2\/tags?post=378"}],"curies":[{"name":"wp","href":"https:\/\/api.w.org\/{rel}","templated":true}]}}