{"id":153,"date":"2017-11-10T14:08:51","date_gmt":"2017-11-10T14:08:51","guid":{"rendered":"http:\/\/tag_link_site_url\/mesmerize\/"},"modified":"2024-12-03T13:07:05","modified_gmt":"2024-12-03T10:07:05","slug":"mesmerize","status":"publish","type":"page","link":"https:\/\/www.deniz-sport.com\/tr_tr\/","title":{"rendered":"Front Page"},"content":{"rendered":"<div  class=\"portfolio-5 content-section content-section-spacing\" id=\"portfolio-4\" style=\"background-color: rgb(255, 255, 255); background-image: none;\" data-label=\"Portfolio\" data-id=\"portfolio-5\" data-export-id=\"portfolio-5\" data-category=\"portfolio\">\n<div  class=\"gridContainer\">\n<div  class=\"row text-center\">\n<div  class=\"section-title-col\" data-type=\"column\"><h2  class=\"\"><\/h2><\/div>\n<\/div>\n<div  class=\"row space-bottom spaced-cols\" data-type=\"row\">\n<div  class=\"col-xs-12 col-sm-4 text-center col-md-4 \">\n<div  class=\"card no-padding bordered\">\n<div  class=\"contentswap-effect\" data-hover-fx=\"portfolio-6\">\n<div  class=\"initial-image\"><img decoding=\"async\"  class=\"jetpack-lazy-image jetpack-lazy-image--handled\" src=\"https:\/\/www.deniz-sport.com\/wp-content\/uploads\/2019\/04\/cropped-fitness-anasayfa-ikonu.jpg\" data-lazy-loaded=\"1\" data-size=\"500x500\"><\/div>\n<div  class=\"overlay bg-color6\"><\/div>\n<div  class=\"swap-inner col-xs-12\">\n<div  class=\"row full-height-row middle-xs middle-sm\">\n<div  class=\"col-xs-12 text-center content-holder\"><a  class=\"button small color2\" href=\"https:\/\/www.deniz-sport.com\/urunlerimiz\/acikalansporaletleri\" target=\"_self\" rel=\"noopener noreferrer\" data-cp-link=\"1\">Fitness Ekipmanlar\u0131<\/a><\/div>\n<\/div>\n<\/div>\n<\/div>\n<div  class=\"col-xs-12\">\n<div  class=\"space-bottom space-top\" data-type=\"column\">\n<h4  class=\"end\">A\u00e7\u0131k Alan Spor Aletleri&nbsp;<\/h4>\n\n\n<\/div>\n<\/div>\n<\/div>\n<\/div>\n<div  class=\"col-xs-12 col-sm-4 text-center col-md-4 \">\n<div  class=\"card no-padding bordered\">\n<div  class=\"contentswap-effect\" data-hover-fx=\"portfolio-6\">\n<div  class=\"initial-image\"><img decoding=\"async\"  class=\"jetpack-lazy-image jetpack-lazy-image--handled\" src=\"https:\/\/www.deniz-sport.com\/wp-content\/uploads\/2019\/04\/cropped-spor-sahalar\u0131-anasayfa-ikonu.jpg\" data-lazy-loaded=\"1\" data-size=\"500x500\"><\/div>\n<div  class=\"overlay bg-color6\"><\/div>\n<div  class=\"swap-inner col-xs-12\">\n<div  class=\"row full-height-row middle-xs middle-sm\">\n<div  class=\"col-xs-12 text-center content-holder\"><a  class=\"button small color2\" href=\"https:\/\/www.deniz-sport.com\/urunlerimiz\/spor-sahalari-ve-gerecleri\" target=\"_self\" rel=\"noopener noreferrer\" data-cp-link=\"1\">Spor Sahalar\u0131<\/a><\/div>\n<\/div>\n<\/div>\n<\/div>\n<div  class=\"col-xs-12\">\n<div  class=\"space-bottom space-top\" data-type=\"column\">\n<h4  class=\"end\">Spor Sahalar\u0131<\/h4>\n\n\n<\/div>\n<\/div>\n<\/div>\n<\/div>\n<div  class=\"col-xs-12 col-sm-4 text-center col-md-4 \">\n<div  class=\"card no-padding bordered\">\n<div  class=\"contentswap-effect\" data-hover-fx=\"portfolio-6\">\n<div  class=\"initial-image\"><img decoding=\"async\"  class=\"jetpack-lazy-image jetpack-lazy-image--handled\" src=\"https:\/\/www.deniz-sport.com\/wp-content\/uploads\/2019\/04\/cropped-anaokulu-anasayfa-ikonu.jpg\" data-lazy-loaded=\"1\" data-size=\"500x500\"><\/div>\n<div  class=\"overlay bg-color6\"><\/div>\n<div  class=\"swap-inner col-xs-12\">\n<div  class=\"row full-height-row middle-xs middle-sm\">\n<div  class=\"col-xs-12 text-center content-holder\"><a  class=\"button small color2\" href=\"https:\/\/www.deniz-sport.com\/urunlerimiz\/anaokulu-ve-kres-urunlerimiz\" target=\"_self\" rel=\"noopener noreferrer\" data-cp-link=\"1\">Anaokulu<\/a><\/div>\n<\/div>\n<\/div>\n<\/div>\n<div  class=\"col-xs-12\">\n<div  class=\"space-bottom space-top\" data-type=\"column\">\n<h4  class=\"end\">Anaokulu \u00dcr\u00fcnleri<\/h4>\n\n\n<\/div>\n<\/div>\n<\/div>\n<\/div>\n<div  class=\"col-xs-12 col-sm-4 text-center col-md-4\">\n<div  class=\"card no-padding bordered\">\n<div  class=\"contentswap-effect\" data-hover-fx=\"portfolio-6\">\n<div  class=\"initial-image\"><img decoding=\"async\"  class=\"jetpack-lazy-image jetpack-lazy-image--handled\" src=\"https:\/\/www.deniz-sport.com\/wp-content\/uploads\/2019\/04\/oyun-grubu-anasayfa-ikonu.jpg\" data-lazy-loaded=\"1\" data-size=\"500x500\"><\/div>\n<div  class=\"overlay bg-color6\"><\/div>\n<div  class=\"swap-inner col-xs-12\">\n<div  class=\"row full-height-row middle-xs middle-sm\">\n<div  class=\"col-xs-12 text-center content-holder\"><a  class=\"button small color2\" href=\"https:\/\/www.deniz-sport.com\/urunlerimiz\/cocuk-oyun-gruplari\" target=\"_self\" rel=\"noopener noreferrer\" data-cp-link=\"1\">Oyun Gruplar\u0131<\/a><\/div>\n<\/div>\n<\/div>\n<\/div>\n<div  class=\"col-xs-12\">\n<div  class=\"space-bottom space-top\" data-type=\"column\">\n<h4  class=\"end\">\u00c7ocuk Oyun Gruplar\u0131<\/h4>\n\n\n<\/div>\n<\/div>\n<\/div>\n<\/div>\n<div  class=\"col-xs-12 col-sm-4 text-center col-md-4\">\n<div  class=\"card no-padding bordered\">\n<div  class=\"contentswap-effect\" data-hover-fx=\"portfolio-6\">\n<div  class=\"initial-image\"><img decoding=\"async\"  class=\"jetpack-lazy-image jetpack-lazy-image--handled\" src=\"https:\/\/www.deniz-sport.com\/wp-content\/uploads\/2019\/04\/cropped-kent-mobilyalar\u0131-anasayfa-ikonu.jpg\" data-lazy-loaded=\"1\" data-size=\"500x500\"><\/div>\n<div  class=\"overlay bg-color6\"><\/div>\n<div  class=\"swap-inner col-xs-12\">\n<div  class=\"row full-height-row middle-xs middle-sm\">\n<div  class=\"col-xs-12 text-center content-holder\"><a  class=\"button small color2\" href=\"https:\/\/www.deniz-sport.com\/urunlerimiz\/kent-mobilyalari-ve-ihtiyaclari\" target=\"_self\" rel=\"noopener noreferrer\" data-cp-link=\"1\">Kent Mobilyalar\u0131<\/a><\/div>\n<\/div>\n<\/div>\n<\/div>\n<div  class=\"col-xs-12\">\n<div  class=\"space-bottom space-top\" data-type=\"column\">\n<h4  class=\"end\">Kent Mobilyalar\u0131<\/h4>\n\n\n<\/div>\n<\/div>\n<\/div>\n<\/div>\n<div  class=\"col-xs-12 col-sm-4 text-center col-md-4\">\n<div  class=\"card no-padding bordered\">\n<div  class=\"contentswap-effect\" data-hover-fx=\"portfolio-6\">\n<div  class=\"initial-image\"><img decoding=\"async\"  class=\"jetpack-lazy-image jetpack-lazy-image--handled\" src=\"https:\/\/www.deniz-sport.com\/wp-content\/uploads\/2019\/04\/kau\u00e7uk-anasayfa-ikonu.jpg\" data-lazy-loaded=\"1\" data-size=\"500x500\"><\/div>\n<div  class=\"overlay bg-color6\"><\/div>\n<div  class=\"swap-inner col-xs-12\">\n<div  class=\"row full-height-row middle-xs middle-sm\">\n<div  class=\"col-xs-12 text-center content-holder\"><a  class=\"button small color2\" href=\"https:\/\/www.deniz-sport.com\/urunlerimiz\/cocuk-oyun-gruplari\/zemin-kaucuk-kaplama\" target=\"_self\" rel=\"noopener noreferrer\" data-cp-link=\"1\">Kau\u00e7uk<\/a><\/div>\n<\/div>\n<\/div>\n<\/div>\n<div  class=\"col-xs-12\">\n<div  class=\"space-bottom space-top\" data-type=\"column\">\n<h4  class=\"end\">Kau\u00e7uk Zemin Kaplamalar\u0131<\/h4>\n\n\n<\/div>\n<\/div>\n<\/div>\n<\/div>\n<\/div>\n<div  class=\"row\">\n<div  class=\"col-xs-12 text-center\" data-type=\"column\"><\/div>\n<\/div>\n<\/div>\n<\/div><div  class=\"overlappable-4 content-section content-section-spacing\" id=\"overlappable-4\" style=\"background-color: #ffffff; background-image: none;\" data-label=\"Overlappable\" data-id=\"overlappable-4\" data-overlap=\"true\" data-export-id=\"overlappable-4\" data-category=\"overlappable\">\n<div  class=\"gridContainer\">\n<div  class=\"row spaced-cols text-center\" data-type=\"row\">\n<div  class=\"col-xs-12 col-sm-4 col-padding\">\n\n<a  href=\"https:\/\/www.deniz-sport.com\/hakkimizda\" target=\"_self\" rel=\"noopener noreferrer\" data-cp-link=\"1\" class=\"\"><i  class=\"fa icon shadow-large-black aligncenter color1 fa-address-card reverse round large\"> <\/i><\/a>\n<div  data-type=\"column\" class=\"\">\n<h5  class=\"\">HAKKIMIZDA<\/h5>\n<p  class=\"\"><\/p>\n\n<\/div>\n<\/div>\n<div  class=\"col-xs-12 col-sm-4 col-padding\">\n\n<a  href=\"https:\/\/www.deniz-sport.com\/referanslarimiz\" target=\"_self\" rel=\"noopener noreferrer\" data-cp-link=\"1\" class=\"\"><i  class=\"fa icon shadow-large-black aligncenter color1 fa-align-justify reverse round large\"> <\/i><\/a>\n<div  data-type=\"column\" class=\"\">\n<h5  class=\"\">REFERANSLARIMIZ<\/h5>\n<p  class=\"\"><\/p>\n\n<\/div>\n<\/div>\n<div  class=\"col-xs-12 col-sm-4 col-padding\">\n\n<a  href=\"https:\/\/www.deniz-sport.com\/hakkimizda\" target=\"_self\" rel=\"noopener noreferrer\" data-cp-link=\"1\" class=\"\"><i  class=\"fa icon shadow-large-black aligncenter color1 fa-check reverse round large\"> <\/i><\/a>\n<div  data-type=\"column\" class=\"\">\n<h5  class=\"\">PROJE VE UYGULAMALAR<\/h5>\n<p  class=\"\"><\/p>\n\n<\/div>\n<\/div>\n<\/div>\n<\/div>\n<\/div><div  class=\"contact-1 content-section content-section-spacing white-text\" id=\"contact-1\" style=\"background-position: top; background-size: cover;\" data-label=\"Contact\" data-id=\"contact-1\" data-parallax-depth=\"20\" data-export-id=\"contact-1\" data-category=\"contact\">\n<div  class=\"gridContainer\">\n<div  class=\"row text-center\">\n<div  class=\"section-title-col\" data-type=\"column\"><h2  class=\"no-after\" style=\"border-bottom-color: rgb(255, 255, 255);\">Bize yaz\u0131n\u2026<\/h2>\n\n<\/div>\n<\/div>\n<div  class=\"row text-center\">\n<div  class=\"col-xs-12 col-sm-8 col-sm-offset-2 contact-form-wrapper inline-info\">\n<div  class=\"card large-padding\">\n<div  data-content-shortcode=\"mesmerize_contact_form shortcode=&quot;Form id=&amp;amp;quot;6&amp;amp;quot;&quot;\" data-editable=\"true\"><div style=\"display:none\" class=\"fm-form-container fm-theme1\"><div id=\"fm-pages6\" class=\"fm-pages wdform_page_navigation \" show_title=\"\" show_numbers=\"1\" type=\"none\"><\/div><form name=\"form6\" action=\"\/tr_tr\/wp-json\/wp\/v2\/pages\/153\" method=\"post\" id=\"form6\" class=\"fm-form form6  \" enctype=\"multipart\/form-data\"><input type=\"hidden\" id=\"fm_page_id6\" value=\"153\" name=\"fm_page_id6\" \/><input type=\"hidden\" id=\"fm_current_post_type6\" value=\"page\" name=\"fm_current_post_type6\" \/><input type=\"hidden\" id=\"counter6\" value=\"9\" name=\"counter6\" \/><input type=\"hidden\" id=\"Itemid6\" value=\"\" name=\"Itemid6\" \/><input type=\"hidden\" id=\"fm_shake6\" value=\"1\" name=\"fm_shake6\" \/><input type=\"text\" class=\"fm-hide\" id=\"fm_bot_validation6\" value=\"\" name=\"fm_bot_validation6\" \/><input type=\"text\" class=\"fm-hide\" id=\"fm_empty_field_validation6\" value=\"\" name=\"fm_empty_field_validation6\" data-value=\"bd736efb144d599cf463541431fbf5c4\" \/><div class=\"fm-header-bg\"><div class=\"fm-header \"><div class=\"fm-header-text\">          <div class=\"fm-header-title\">            Deniz Sport \u0130leti\u015fim Formu          <\/div>          <div class=\"fm-header-description\">                      <\/div>        <\/div><\/div><\/div><div class=\"wdform-page-and-images fm-form-builder\"><div id=\"6form_view1\" class=\"wdform_page\" page_title=\"Untitled page\" next_title=\"Next\" next_type=\"text\" next_class=\"wdform-page-button\" next_checkable=\"true\" previous_title=\"Previous\" previous_type=\"text\" previous_class=\"wdform-page-button\" previous_checkable=\"false\"><div class=\"wdform_section\"><div class=\"wdform_column\"><div wdid=\"6\" class=\"wdform_row\" style=\"position: relative; left: 0px; top: 0px;\"><div type=\"type_name\" class=\"wdform-field wd-width-100 wd-flex wd-flex-column fm-type_name\" ><div class=\"wdform-label-section wd-width-100  wd-flex-row\">    <label  for=\"wdform_6_element_first6\" class=\"wdform-label\">\u0130leti\u015fim Bilgileriniz<\/label><span class=\"wdform-required\">*<\/span><\/div><div class=\"wdform-element-section wd-flex  wd-flex-row wd-width-100\" ><div class=\"wd-flex wd-flex-column wd-width-50\"><input type=\"text\" class=\"wd-width-100\" id=\"wdform_6_element_first6\" name=\"wdform_6_element_first6\" data-value=\"\" value=\"\" title=\"\" placeholder=\"\"  \/><label class=\"mini_label\" for=\"wdform_6_element_first6\">Ad\u0131n\u0131z<\/label><\/div><div class=\"wd-flex wd-flex-column wd-name-separator\"><\/div><div class=\"wd-flex wd-flex-column wd-width-50\"><input type=\"text\" class=\"wd-width-100\" id=\"wdform_6_element_last6\" name=\"wdform_6_element_last6\" data-value=\"\" value=\"\" title=\"\" placeholder=\"\"  \/><label class=\"mini_label\" for=\"wdform_6_element_last6\">Soyad\u0131n\u0131z<\/label><\/div><\/div><\/div><\/div><\/div><div class=\"wdform_column\"><div wdid=\"7\" class=\"wdform_row\" style=\"position: relative; left: 0px; top: 0px;\"><div type=\"type_phone_new\" class=\"wdform-field wd-width-100 wd-flex wd-flex-column fm-type_phone_new\" ><div class=\"wdform-label-section wd-width-100 \">    <label  for=\"wdform_7_element6\" class=\"wdform-label\">Telefon<\/label><span class=\"wdform-required\">*<\/span><\/div><div class=\"wdform-element-section wd-flex  wd-width-100\" ><input type=\"text\"                       class=\"wd-width-100\"                       id=\"wdform_7_element6\"                       name=\"wdform_7_element6\"                       value=\"\"                       data-value=\"\"                       placeholder=\"\"  \/><\/div><\/div><\/div><\/div><div class=\"wdform_column\"><div wdid=\"8\" class=\"wdform_row\" style=\"position: relative; left: 0px; top: 0px;\"><div type=\"type_submitter_mail\" class=\"wdform-field wd-width-100 wd-flex wd-flex-column fm-type_submitter_mail\" ><div class=\"wdform-label-section wd-width-100  wd-flex-row\">    <label  for=\"wdform_8_element6\" class=\"wdform-label\">Eposta Adresiniz<\/label><span class=\"wdform-required\">*<\/span><\/div><div class=\"wdform-element-section wd-flex  wd-flex-row wd-width-100\" ><input type=\"text\" class=\"wd-width-100\" id=\"wdform_8_element6\" name=\"wdform_8_element6\" data-value=\"\" value=\"\" title=\"\" placeholder=\"\"   onchange=\"wd_check_email('8', '6', 'Bu ge\u00e7erli bir e-posta adresi de\u011fil.')\" \/><\/div><\/div><\/div><\/div><div class=\"wdform_column\"><div wdid=\"5\" class=\"wdform_row\" style=\"position: relative; left: 0px; top: 0px;\"><div type=\"type_textarea\" class=\"wdform-field wd-width-100 wd-flex wd-flex-column fm-type_textarea\" ><div class=\"wdform-label-section wd-width-100 \">    <label  for=\"wdform_5_element6\" class=\"wdform-label\">Bize yaz\u0131n <\/label><span class=\"wdform-required\">*<\/span><\/div><div class=\"wdform-element-section wd-flex  wd-width-100\" ><textarea class=\"wd-width-100\"                      id=\"wdform_5_element6\"                      name=\"wdform_5_element6\"                      placeholder=\"\"                      data-value=\"\"                      maxlength=\"\"                      style=\"height: 100px;\"                      ><\/textarea><\/div><\/div><\/div><\/div><div class=\"wdform_column\"><div wdid=\"4\" class=\"wdform_row\" style=\"position: relative; left: 0px; top: 0px;\"><div type=\"type_recaptcha\" class=\"wdform-field wd-width-100 wd-flex wd-flex-row fm-type_recaptcha\" ><div class=\"wdform-label-section wd-width-30 wd-hidden wd-flex-row\">    <label  class=\"wdform-label\">reCAPTCHA<\/label><\/div><div class=\"wdform-element-section wd-flex wd-flex-row wd-width-100\" ><div id=\"recaptcha64\" class=\"g-recaptcha\" data-sitekey=\"6LfDHyMaAAAAAMdLLz9_8fQS2EMrzlZvF_BHF6u0\" data-form_id=\"6\" data-badge=\"bottomright\"><\/div><\/div><\/div><\/div><\/div><div class=\"wdform_column\"><div wdid=\"1\" class=\"wdform_row\"><div type=\"type_submit_reset\" class=\"wdform-field wd-width-100 wd-flex wd-flex-column fm-type_submit_reset\" ><div class=\"wdform-element-section wd-flex  wd-flex-row wd-justify-content-left wd-width-100\" ><button  type=\"button\" class=\"button-submit\" onclick=\"fm_submit_form('6');\"  data-ajax=\"0\"><span class=\"fm-submit-loading spinner fm-ico-spinner\"><\/span>G\u00f6nder<\/button><button  type=\"button\" class=\"button-reset wd-hidden\" onclick=\"fm_reset_form(6);\" >Reset<\/button><\/div><\/div><\/div><\/div><\/div><div valign=\"top\" class=\"wdform_footer wd-width-100\"><div class=\"wd-width-100\"><div class=\"wd-width-100 wd-table\" style=\"padding-top:10px;\"><div class=\"wd-table-group\"><div id=\"6page_nav1\" class=\"wd-table-row\"><\/div><\/div><\/div><\/div><\/div><\/div><\/div><div class=\"wdform_preload\"><\/div><input type=\"hidden\" name=\"fm-current-page\" value=\"https:\/\/www.deniz-sport.com\/tr_tr\/wp-json\/wp\/v2\/pages\/153\" \/><\/form><\/div><\/div>\n<\/div>\n<\/div>\n<\/div>\n<\/div>\n<\/div>","protected":false},"excerpt":{"rendered":"<p>Fitness Ekipmanlar\u0131 A\u00e7\u0131k Alan Spor Aletleri&nbsp; Spor Sahalar\u0131 Spor Sahalar\u0131 Anaokulu Anaokulu \u00dcr\u00fcnleri Oyun Gruplar\u0131 \u00c7ocuk Oyun Gruplar\u0131 Kent Mobilyalar\u0131 Kent Mobilyalar\u0131 Kau\u00e7uk Kau\u00e7uk Zemin Kaplamalar\u0131 HAKKIMIZDA REFERANSLARIMIZ PROJE VE UYGULAMALAR Bize yaz\u0131n\u2026<\/p>\n","protected":false},"author":1,"featured_media":0,"parent":0,"menu_order":0,"comment_status":"closed","ping_status":"closed","template":"page-templates\/homepage.php","meta":{"footnotes":""},"tags":[37,57,161,160],"class_list":["post-153","page","type-page","status-publish","hentry","tag-acik-alan-spor-aletleri","tag-deniz-sport","tag-park-ve-bahce-spor-aletleri","tag-saglikli-yasam-icin-spor"],"jetpack_sharing_enabled":true,"_links":{"self":[{"href":"https:\/\/www.deniz-sport.com\/tr_tr\/wp-json\/wp\/v2\/pages\/153","targetHints":{"allow":["GET"]}}],"collection":[{"href":"https:\/\/www.deniz-sport.com\/tr_tr\/wp-json\/wp\/v2\/pages"}],"about":[{"href":"https:\/\/www.deniz-sport.com\/tr_tr\/wp-json\/wp\/v2\/types\/page"}],"author":[{"embeddable":true,"href":"https:\/\/www.deniz-sport.com\/tr_tr\/wp-json\/wp\/v2\/users\/1"}],"replies":[{"embeddable":true,"href":"https:\/\/www.deniz-sport.com\/tr_tr\/wp-json\/wp\/v2\/comments?post=153"}],"version-history":[{"count":60,"href":"https:\/\/www.deniz-sport.com\/tr_tr\/wp-json\/wp\/v2\/pages\/153\/revisions"}],"predecessor-version":[{"id":3715,"href":"https:\/\/www.deniz-sport.com\/tr_tr\/wp-json\/wp\/v2\/pages\/153\/revisions\/3715"}],"wp:attachment":[{"href":"https:\/\/www.deniz-sport.com\/tr_tr\/wp-json\/wp\/v2\/media?parent=153"}],"wp:term":[{"taxonomy":"post_tag","embeddable":true,"href":"https:\/\/www.deniz-sport.com\/tr_tr\/wp-json\/wp\/v2\/tags?post=153"}],"curies":[{"name":"wp","href":"https:\/\/api.w.org\/{rel}","templated":true}]}}