{"id":150,"date":"2017-11-10T14:08:17","date_gmt":"2017-11-10T14:08:17","guid":{"rendered":"http:\/\/tag_link_site_url\/?page_id=2"},"modified":"2023-01-10T10:59:06","modified_gmt":"2023-01-10T07:59:06","slug":"hakkimizda","status":"publish","type":"page","link":"https:\/\/www.deniz-sport.com\/tr_tr\/hakkimizda\/","title":{"rendered":"Hakk\u0131m\u0131zda"},"content":{"rendered":"<p>DEN\u0130Z SPORT , 25 y\u0131ll\u0131k tecr\u00fcbesi ile kendine \u00f6zg\u00fc \u00fcretim, pazarlama stratejileri ve sat\u0131\u015f sonras\u0131 hizmetleri ile bug\u00fcne kadar hayli yol kat etmi\u015f ve bug\u00fcn sekt\u00f6r\u00fcn \u00f6nde gelen Firmalar\u0131ndand\u0131r. T\u00fcrkiye de ilklere imza atan grubumuz A\u00e7\u0131k Alan Spor Aletleri alan\u0131nda da \u00fclkemize toplumun \u00e7ok benimsedi\u011fi , sa\u011fl\u0131kl\u0131 ve dinamik bir toplum yeti\u015fmesin de katk\u0131s\u0131 olan bu projeyi ilk defa Deniz Sport halk\u0131n hizmetine sunmu\u015ftur.<\/p>\n<p>Projelerimizde sadece sa\u011fl\u0131kl\u0131 insan yeti\u015fmesi de\u011fil sa\u011flam \u00fcr\u00fcn \u00fcretme y\u00f6n\u00fcnde de ayn\u0131 anlay\u0131\u015f ve hassasiyetle ARGE \u00e7al\u0131\u015fmalar\u0131n\u0131 yapmaktad\u0131r.<\/p>\n<p>Oyun gruplar\u0131m\u0131z da \u00e7ocuklar\u0131m\u0131z\u0131n e\u011flenerek mutlu oldu\u011fu projeleri geli\u015ftirerek bu alanda yolumuza devam etmek temel ilkemizdir.<\/p>\n<p>Firmam\u0131z \u00e7e\u015fitlili\u011fini art\u0131rarak ayr\u0131ca \u00c7ocuk Oyun Gruplar\u0131, Kent mobilyalar\u0131, \u00fcretimini de kalite standartlar\u0131na uygun olarak yapmaktad\u0131r.<\/p>\n<p>T\u00fcrkiye de ilk T\u00dcV Belgesine sahip olan firmam\u0131z ayr\u0131ca TS EN 16630, TS EN 1176-1, HYB, SANAY\u0130 S\u0130C\u0130L, T\u0130P ONAY BELGES\u0130, POL\u0130ET\u0130LEN TEST RAPORLARI, \u0130SO 9001, \u0130SO 14001, \u0130SO 18001 Sertifikalar\u0131na sahiptir.<\/p>\n<p><strong>M\u0130SYONUMUZ<\/strong><br \/>\nG\u00fcc\u00fcm\u00fcz\u00fc \u00fcretkenlik, netlik, kal\u0131c\u0131l\u0131k ve ak\u0131lc\u0131l\u0131ktan alarak sekt\u00f6r\u00fcm\u00fczde her zaman ilkleri temsil ederek, liderlik te \u00fcst s\u0131ralarda olmu\u015ftur.<\/p>\n<p><strong>V\u0130ZYONUMUZ<\/strong><br \/>\nD\u00fcnyada her zaman ad\u0131ndan s\u00f6z edilen ve bilgi ve tecr\u00fcbesine g\u00fcvenilen bir kurulu\u015f olmaktad\u0131r.<\/p>\n<p><strong>POL\u0130T\u0130KAMIZ<\/strong><br \/>\nS\u00fcrekli geli\u015fen yeti\u015fmi\u015f personel ile, toplumun ihtiya\u00e7 duydu\u011fu a\u00e7\u0131k alan spor aletleri ve \u00e7ocuk oyun gruplar\u0131nda sa\u011flam ve dayan\u0131kl\u0131 \u00fcr\u00fcnlerle ayn\u0131 zamanda yeni \u00fcr\u00fcn tasar\u0131mlar\u0131yla sekt\u00f6r\u00fcn de lideri olmak,<br \/>\n&#8220;DO\u011eAYA SAYGI&#8221; ilkesinden hareketle b\u00fct\u00fcn faaliyetlerimizin \u00e7evresel etkisini minimuma indirmeyi ama\u00e7layan, \u00e7evreye zarar vermemek konusunda s\u00fcrekli olarak dikkatli olan ve do\u011fal kaynaklar\u0131 koruman\u0131n yollar\u0131n\u0131 arama bilincine sahip personellerle \u00e7al\u0131\u015fmak.<\/p>\n<p>\u0130SG tehlikelerini belirleyen ve \u00f6nlem alan y\u00f6netim anlay\u0131\u015f\u0131yla, yasal \u015fartlara ve di\u011fer gereksinimlere tam uyum i\u00e7inde olmak,<\/p>\n<p>Tedarik\u00e7i ve t\u00fcm \u00e7al\u0131\u015fanlar\u0131n katk\u0131s\u0131 ile her noktada y\u00f6netim sistemini s\u00fcrekli iyile\u015ftirmektir.<\/p>\n<p>&nbsp;<\/p>\n<p><a href=\"https:\/\/www.deniz-sport.com\/\">A\u00c7IK ALAN SPOR ALETLER\u0130<\/a>\u00a0,\u00a0<a href=\"https:\/\/www.deniz-sport.com\/\">A\u00c7IK ALAN F\u0130TNESS ALETLER\u0130<\/a>\u00a0,\u00a0<a href=\"https:\/\/www.deniz-sport.com\/\">DI\u015e MEKAN SPOR ALETLER\u0130<\/a>\u00a0,\u00a0<a href=\"https:\/\/www.deniz-sport.com\/\">DI\u015e MEKAN F\u0130TNESS ALETLER\u0130<\/a>\u00a0,\u00a0<a href=\"https:\/\/www.deniz-sport.com\/\">\u00c7OCUK OYUN GURUPLARI<\/a>\u00a0,\u00a0<a href=\"https:\/\/www.deniz-sport.com\/\">HAVADA Y\u00dcR\u00dcY\u00dc\u015e S\u0130STEM\u0130<\/a>\u00a0,\u00a0<a href=\"https:\/\/www.deniz-sport.com\/\">BEL ESNETME ALET\u0130<\/a>\u00a0,\u00a0<a href=\"https:\/\/www.deniz-sport.com\/\">B\u0130S\u0130KLET ve EL\u0130PT\u0130K B\u0130S\u0130KLET<\/a>\u00a0,\u00a0<a href=\"https:\/\/www.deniz-sport.com\/\">AH\u015eAP BANK VE KOMPOZ\u0130T BANK<\/a>\u00a0,\u00a0<a href=\"https:\/\/www.deniz-sport.com\/\">KAU\u00c7UK ZEM\u0130N KAPLAMA<\/a>\u00a0,\u00a0<a href=\"https:\/\/www.deniz-sport.com\/\">\u00c7\u00d6P KOVASI<\/a>\u00a0,\u00a0<a href=\"https:\/\/www.deniz-sport.com\/\">TAHTERAVALL\u0130 VE SALINCAK<\/a>\u00a0,\u00a0<a href=\"https:\/\/www.deniz-sport.com\/\">TEKN\u0130K \u015eARTNAME<\/a>\u00a0,\u00a0<a href=\"https:\/\/www.deniz-sport.com\/\">TEKN\u0130K \u00c7\u0130Z\u0130M<\/a>\u00a0,\u00a0<a href=\"https:\/\/www.deniz-sport.com\/\">KENT MOB\u0130LYALARI<\/a>\u00a0,\u00a0<a href=\"https:\/\/www.deniz-sport.com\/\">\u0130PL\u0130 TIRMANMA<\/a>\u00a0,<a href=\"https:\/\/www.deniz-sport.com\/\">ENGELL\u0130 SPOR ALETLER\u0130<\/a>\u00a0,\u00a0<a href=\"https:\/\/www.deniz-sport.com\/\">ENGELL\u0130 \u00c7OCUK OYUN GURUPLARI<\/a>\u00a0,\u00a0<a href=\"https:\/\/www.deniz-sport.com\/\">SP\u0130RAL KAYDIRAK , HELEZON KAYDIRAK<\/a>\u00a0,\u00a0<a href=\"https:\/\/www.deniz-sport.com\/\">D\u00dcZ KAYDIRAK<\/a>\u00a0,\u00a0<a href=\"https:\/\/www.deniz-sport.com\/\">P\u0130KN\u0130K MASALARI<\/a>\u00a0,\u00a0<a href=\"https:\/\/www.deniz-sport.com\/\">PERGOLA GAZEBO<\/a>\u00a0,\u00a0<a href=\"https:\/\/www.deniz-sport.com\/\">TIRMANMA SETLER\u0130<\/a>\u00a0,\u00a0<a href=\"https:\/\/www.deniz-sport.com\/\">D\u00d6NERL\u0130 OYUNCAKLAR<\/a>\u00a0,<a href=\"https:\/\/www.deniz-sport.com\/\">ZIPZIP \u00c7E\u015e\u0130TLER\u0130<\/a>\u00a0,\u00a0<a href=\"https:\/\/www.deniz-sport.com\/\">KAMEL\u0130YE VE PERGOLA<\/a><\/p>\n","protected":false},"excerpt":{"rendered":"<p>DEN\u0130Z SPORT , 25 y\u0131ll\u0131k tecr\u00fcbesi ile kendine \u00f6zg\u00fc \u00fcretim, pazarlama stratejileri ve sat\u0131\u015f sonras\u0131 hizmetleri ile bug\u00fcne kadar hayli yol kat etmi\u015f ve bug\u00fcn sekt\u00f6r\u00fcn \u00f6nde gelen Firmalar\u0131ndand\u0131r. T\u00fcrkiye de ilklere imza atan grubumuz A\u00e7\u0131k Alan Spor Aletleri alan\u0131nda da \u00fclkemize toplumun \u00e7ok benimsedi\u011fi , sa\u011fl\u0131kl\u0131 ve dinamik bir toplum yeti\u015fmesin de katk\u0131s\u0131 olan&hellip; <br \/> <a class=\"read-more\" href=\"https:\/\/www.deniz-sport.com\/tr_tr\/hakkimizda\/\">Devam\u0131<\/a><\/p>\n","protected":false},"author":1,"featured_media":365,"parent":0,"menu_order":0,"comment_status":"closed","ping_status":"closed","template":"","meta":{"footnotes":""},"tags":[85,57,86,84],"class_list":["post-150","page","type-page","status-publish","has-post-thumbnail","hentry","tag-deniz-group","tag-deniz-sport","tag-deniz-tekstil","tag-hakkimizda"],"jetpack_sharing_enabled":true,"_links":{"self":[{"href":"https:\/\/www.deniz-sport.com\/tr_tr\/wp-json\/wp\/v2\/pages\/150","targetHints":{"allow":["GET"]}}],"collection":[{"href":"https:\/\/www.deniz-sport.com\/tr_tr\/wp-json\/wp\/v2\/pages"}],"about":[{"href":"https:\/\/www.deniz-sport.com\/tr_tr\/wp-json\/wp\/v2\/types\/page"}],"author":[{"embeddable":true,"href":"https:\/\/www.deniz-sport.com\/tr_tr\/wp-json\/wp\/v2\/users\/1"}],"replies":[{"embeddable":true,"href":"https:\/\/www.deniz-sport.com\/tr_tr\/wp-json\/wp\/v2\/comments?post=150"}],"version-history":[{"count":12,"href":"https:\/\/www.deniz-sport.com\/tr_tr\/wp-json\/wp\/v2\/pages\/150\/revisions"}],"predecessor-version":[{"id":3675,"href":"https:\/\/www.deniz-sport.com\/tr_tr\/wp-json\/wp\/v2\/pages\/150\/revisions\/3675"}],"wp:featuredmedia":[{"embeddable":true,"href":"https:\/\/www.deniz-sport.com\/tr_tr\/wp-json\/wp\/v2\/media\/365"}],"wp:attachment":[{"href":"https:\/\/www.deniz-sport.com\/tr_tr\/wp-json\/wp\/v2\/media?parent=150"}],"wp:term":[{"taxonomy":"post_tag","embeddable":true,"href":"https:\/\/www.deniz-sport.com\/tr_tr\/wp-json\/wp\/v2\/tags?post=150"}],"curies":[{"name":"wp","href":"https:\/\/api.w.org\/{rel}","templated":true}]}}