{"id":937,"date":"2019-04-02T14:20:44","date_gmt":"2019-04-02T11:20:44","guid":{"rendered":"https:\/\/www.dnzsprt.com\/?page_id=937"},"modified":"2021-01-06T18:30:44","modified_gmt":"2021-01-06T15:30:44","slug":"proje-ve-uygulamalar","status":"publish","type":"page","link":"https:\/\/www.deniz-sport.com\/en\/hakkimizda\/proje-ve-uygulamalar\/","title":{"rendered":"Proje ve Uygulamalar"},"content":{"rendered":"<p><img loading=\"lazy\" decoding=\"async\" class=\"alignnone size-medium wp-image-938\" src=\"https:\/\/www.deniz-sport.com\/wp-content\/uploads\/2019\/04\/NEVA-METANT-\u0130N\u015eAAT-net-300x180.jpg\" alt=\"\" width=\"300\" height=\"180\" srcset=\"https:\/\/www.deniz-sport.com\/wp-content\/uploads\/2019\/04\/NEVA-METANT-\u0130N\u015eAAT-net-300x180.jpg 300w, https:\/\/www.deniz-sport.com\/wp-content\/uploads\/2019\/04\/NEVA-METANT-\u0130N\u015eAAT-net-768x461.jpg 768w, https:\/\/www.deniz-sport.com\/wp-content\/uploads\/2019\/04\/NEVA-METANT-\u0130N\u015eAAT-net-1024x615.jpg 1024w, https:\/\/www.deniz-sport.com\/wp-content\/uploads\/2019\/04\/NEVA-METANT-\u0130N\u015eAAT-net-1800x1080.jpg 1800w\" sizes=\"auto, (max-width: 300px) 100vw, 300px\" \/><\/p>\n<p>&nbsp;<\/p>\n<p>&nbsp;<\/p>\n<p><a href=\"https:\/\/www.deniz-sport.com\/en\/\">A\u00c7IK ALAN SPOR ALETLER\u0130<\/a>\u00a0,\u00a0<a href=\"https:\/\/www.deniz-sport.com\/en\/\">A\u00c7IK ALAN F\u0130TNESS ALETLER\u0130<\/a>\u00a0,\u00a0<a href=\"https:\/\/www.deniz-sport.com\/en\/\">DI\u015e MEKAN SPOR ALETLER\u0130<\/a>\u00a0,\u00a0<a href=\"https:\/\/www.deniz-sport.com\/en\/\">DI\u015e MEKAN F\u0130TNESS ALETLER\u0130<\/a>\u00a0,\u00a0<a href=\"https:\/\/www.deniz-sport.com\/en\/\">\u00c7OCUK OYUN GURUPLARI<\/a>\u00a0,\u00a0<a href=\"https:\/\/www.deniz-sport.com\/en\/\">HAVADA Y\u00dcR\u00dcY\u00dc\u015e S\u0130STEM\u0130<\/a>\u00a0,\u00a0<a href=\"https:\/\/www.deniz-sport.com\/en\/\">BEL ESNETME ALET\u0130<\/a>\u00a0,\u00a0<a href=\"https:\/\/www.deniz-sport.com\/en\/\">B\u0130S\u0130KLET ve EL\u0130PT\u0130K B\u0130S\u0130KLET<\/a>\u00a0,\u00a0<a href=\"https:\/\/www.deniz-sport.com\/en\/\">AH\u015eAP BANK VE KOMPOZ\u0130T BANK<\/a>\u00a0,\u00a0<a href=\"https:\/\/www.deniz-sport.com\/en\/\">KAU\u00c7UK ZEM\u0130N KAPLAMA<\/a>\u00a0,\u00a0<a href=\"https:\/\/www.deniz-sport.com\/en\/\">\u00c7\u00d6P KOVASI<\/a>\u00a0,\u00a0<a href=\"https:\/\/www.deniz-sport.com\/en\/\">TAHTERAVALL\u0130 VE SALINCAK<\/a>\u00a0,\u00a0<a href=\"https:\/\/www.deniz-sport.com\/en\/\">TEKN\u0130K \u015eARTNAME<\/a>\u00a0,\u00a0<a href=\"https:\/\/www.deniz-sport.com\/en\/\">TEKN\u0130K \u00c7\u0130Z\u0130M<\/a>\u00a0,\u00a0<a href=\"https:\/\/www.deniz-sport.com\/en\/\">KENT MOB\u0130LYALARI<\/a>\u00a0,\u00a0<a href=\"https:\/\/www.deniz-sport.com\/en\/\">\u0130PL\u0130 TIRMANMA<\/a>\u00a0,<a href=\"https:\/\/www.deniz-sport.com\/en\/\">ENGELL\u0130 SPOR ALETLER\u0130<\/a>\u00a0,\u00a0<a href=\"https:\/\/www.deniz-sport.com\/en\/\">ENGELL\u0130 \u00c7OCUK OYUN GURUPLARI<\/a>\u00a0,\u00a0<a href=\"https:\/\/www.deniz-sport.com\/en\/\">SP\u0130RAL KAYDIRAK , HELEZON KAYDIRAK<\/a>\u00a0,\u00a0<a href=\"https:\/\/www.deniz-sport.com\/en\/\">D\u00dcZ KAYDIRAK<\/a>\u00a0,\u00a0<a href=\"https:\/\/www.deniz-sport.com\/en\/\">P\u0130KN\u0130K MASALARI<\/a>\u00a0,\u00a0<a href=\"https:\/\/www.deniz-sport.com\/en\/\">PERGOLA GAZEBO<\/a>\u00a0,\u00a0<a href=\"https:\/\/www.deniz-sport.com\/en\/\">TIRMANMA SETLER\u0130<\/a>\u00a0,\u00a0<a href=\"https:\/\/www.deniz-sport.com\/en\/\">D\u00d6NERL\u0130 OYUNCAKLAR<\/a>\u00a0,<a href=\"https:\/\/www.deniz-sport.com\/en\/\">ZIPZIP \u00c7E\u015e\u0130TLER\u0130<\/a>\u00a0,\u00a0<a href=\"https:\/\/www.deniz-sport.com\/en\/\">KAMEL\u0130YE VE PERGOLA<\/a><\/p>","protected":false},"excerpt":{"rendered":"<p>&nbsp; &nbsp; A\u00c7IK ALAN SPOR ALETLER\u0130\u00a0,\u00a0A\u00c7IK ALAN F\u0130TNESS ALETLER\u0130\u00a0,\u00a0DI\u015e MEKAN SPOR ALETLER\u0130\u00a0,\u00a0DI\u015e MEKAN F\u0130TNESS ALETLER\u0130\u00a0,\u00a0\u00c7OCUK OYUN GURUPLARI\u00a0,\u00a0HAVADA Y\u00dcR\u00dcY\u00dc\u015e S\u0130STEM\u0130\u00a0,\u00a0BEL ESNETME ALET\u0130\u00a0,\u00a0B\u0130S\u0130KLET ve EL\u0130PT\u0130K B\u0130S\u0130KLET\u00a0,\u00a0AH\u015eAP BANK VE KOMPOZ\u0130T BANK\u00a0,\u00a0KAU\u00c7UK ZEM\u0130N KAPLAMA\u00a0,\u00a0\u00c7\u00d6P KOVASI\u00a0,\u00a0TAHTERAVALL\u0130 VE SALINCAK\u00a0,\u00a0TEKN\u0130K \u015eARTNAME\u00a0,\u00a0TEKN\u0130K \u00c7\u0130Z\u0130M\u00a0,\u00a0KENT MOB\u0130LYALARI\u00a0,\u00a0\u0130PL\u0130 TIRMANMA\u00a0,ENGELL\u0130 SPOR ALETLER\u0130\u00a0,\u00a0ENGELL\u0130 \u00c7OCUK OYUN GURUPLARI\u00a0,\u00a0SP\u0130RAL KAYDIRAK , HELEZON KAYDIRAK\u00a0,\u00a0D\u00dcZ KAYDIRAK\u00a0,\u00a0P\u0130KN\u0130K MASALARI\u00a0,\u00a0PERGOLA GAZEBO\u00a0,\u00a0TIRMANMA SETLER\u0130\u00a0,\u00a0D\u00d6NERL\u0130 OYUNCAKLAR\u00a0,ZIPZIP \u00c7E\u015e\u0130TLER\u0130\u00a0,\u00a0KAMEL\u0130YE VE PERGOLA<\/p>","protected":false},"author":2,"featured_media":0,"parent":150,"menu_order":0,"comment_status":"closed","ping_status":"closed","template":"","meta":{"footnotes":""},"tags":[85,57,59,165,151,69],"class_list":["post-937","page","type-page","status-publish","hentry","tag-deniz-group","tag-deniz-sport","tag-oyun-parki","tag-projelerimiz","tag-spor-sahasi","tag-urunlerimiz"],"jetpack_sharing_enabled":true,"_links":{"self":[{"href":"https:\/\/www.deniz-sport.com\/en\/wp-json\/wp\/v2\/pages\/937","targetHints":{"allow":["GET"]}}],"collection":[{"href":"https:\/\/www.deniz-sport.com\/en\/wp-json\/wp\/v2\/pages"}],"about":[{"href":"https:\/\/www.deniz-sport.com\/en\/wp-json\/wp\/v2\/types\/page"}],"author":[{"embeddable":true,"href":"https:\/\/www.deniz-sport.com\/en\/wp-json\/wp\/v2\/users\/2"}],"replies":[{"embeddable":true,"href":"https:\/\/www.deniz-sport.com\/en\/wp-json\/wp\/v2\/comments?post=937"}],"version-history":[{"count":3,"href":"https:\/\/www.deniz-sport.com\/en\/wp-json\/wp\/v2\/pages\/937\/revisions"}],"predecessor-version":[{"id":3625,"href":"https:\/\/www.deniz-sport.com\/en\/wp-json\/wp\/v2\/pages\/937\/revisions\/3625"}],"up":[{"embeddable":true,"href":"https:\/\/www.deniz-sport.com\/en\/wp-json\/wp\/v2\/pages\/150"}],"wp:attachment":[{"href":"https:\/\/www.deniz-sport.com\/en\/wp-json\/wp\/v2\/media?parent=937"}],"wp:term":[{"taxonomy":"post_tag","embeddable":true,"href":"https:\/\/www.deniz-sport.com\/en\/wp-json\/wp\/v2\/tags?post=937"}],"curies":[{"name":"wp","href":"https:\/\/api.w.org\/{rel}","templated":true}]}}