{"id":596,"date":"2019-03-28T10:37:34","date_gmt":"2019-03-28T07:37:34","guid":{"rendered":"http:\/\/www.dnzsprt.com\/?page_id=596"},"modified":"2021-01-06T18:38:15","modified_gmt":"2021-01-06T15:38:15","slug":"engelsiz-fitness-serisi","status":"publish","type":"page","link":"https:\/\/www.deniz-sport.com\/en\/urunlerimiz\/acikalansporaletleri\/engelsiz-fitness-serisi\/","title":{"rendered":"Disabled Fitness Equipments"},"content":{"rendered":"<p>\u00dcr\u00fcnlerin \u00fczerine t\u0131klayarak daha detayl\u0131 bilgi alabilirsiniz.<\/p>\n\n\t\t<style type=\"text\/css\">\n\t\t\t#gallery-1 {\n\t\t\t\tmargin: auto;\n\t\t\t}\n\t\t\t#gallery-1 .gallery-item {\n\t\t\t\tfloat: left;\n\t\t\t\tmargin-top: 10px;\n\t\t\t\ttext-align: center;\n\t\t\t\twidth: 20%;\n\t\t\t}\n\t\t\t#gallery-1 img {\n\t\t\t\tborder: 2px solid #cfcfcf;\n\t\t\t}\n\t\t\t#gallery-1 .gallery-caption {\n\t\t\t\tmargin-left: 0;\n\t\t\t}\n\t\t\t\/* see gallery_shortcode() in wp-includes\/media.php *\/\n\t\t<\/style>\n\t\t<div id='gallery-1' class='gallery galleryid-596 gallery-columns-5 gallery-size-full'><dl class='gallery-item'>\n\t\t\t<dt class='gallery-icon landscape'>\n\t\t\t\t<a href='https:\/\/www.deniz-sport.com\/en\/urunlerimiz\/acikalansporaletleri\/engelsiz-fitness-serisi\/e01\/'><img loading=\"lazy\" decoding=\"async\" width=\"802\" height=\"535\" src=\"https:\/\/www.deniz-sport.com\/wp-content\/uploads\/2019\/03\/e01.jpg\" class=\"attachment-full size-full\" alt=\"\" srcset=\"https:\/\/www.deniz-sport.com\/wp-content\/uploads\/2019\/03\/e01.jpg 802w, https:\/\/www.deniz-sport.com\/wp-content\/uploads\/2019\/03\/e01-300x200.jpg 300w, https:\/\/www.deniz-sport.com\/wp-content\/uploads\/2019\/03\/e01-768x512.jpg 768w\" sizes=\"auto, (max-width: 802px) 100vw, 802px\" \/><\/a>\n\t\t\t<\/dt><\/dl><dl class='gallery-item'>\n\t\t\t<dt class='gallery-icon landscape'>\n\t\t\t\t<a href='https:\/\/www.deniz-sport.com\/en\/urunlerimiz\/acikalansporaletleri\/engelsiz-fitness-serisi\/e02\/'><img loading=\"lazy\" decoding=\"async\" width=\"802\" height=\"535\" src=\"https:\/\/www.deniz-sport.com\/wp-content\/uploads\/2019\/03\/e02.jpg\" class=\"attachment-full size-full\" alt=\"\" srcset=\"https:\/\/www.deniz-sport.com\/wp-content\/uploads\/2019\/03\/e02.jpg 802w, https:\/\/www.deniz-sport.com\/wp-content\/uploads\/2019\/03\/e02-300x200.jpg 300w, https:\/\/www.deniz-sport.com\/wp-content\/uploads\/2019\/03\/e02-768x512.jpg 768w\" sizes=\"auto, (max-width: 802px) 100vw, 802px\" \/><\/a>\n\t\t\t<\/dt><\/dl><dl class='gallery-item'>\n\t\t\t<dt class='gallery-icon landscape'>\n\t\t\t\t<a href='https:\/\/www.deniz-sport.com\/en\/urunlerimiz\/acikalansporaletleri\/engelsiz-fitness-serisi\/e03\/'><img loading=\"lazy\" decoding=\"async\" width=\"802\" height=\"535\" src=\"https:\/\/www.deniz-sport.com\/wp-content\/uploads\/2019\/03\/e03.jpg\" class=\"attachment-full size-full\" alt=\"\" srcset=\"https:\/\/www.deniz-sport.com\/wp-content\/uploads\/2019\/03\/e03.jpg 802w, https:\/\/www.deniz-sport.com\/wp-content\/uploads\/2019\/03\/e03-300x200.jpg 300w, https:\/\/www.deniz-sport.com\/wp-content\/uploads\/2019\/03\/e03-768x512.jpg 768w\" sizes=\"auto, (max-width: 802px) 100vw, 802px\" \/><\/a>\n\t\t\t<\/dt><\/dl><dl class='gallery-item'>\n\t\t\t<dt class='gallery-icon landscape'>\n\t\t\t\t<a href='https:\/\/www.deniz-sport.com\/en\/urunlerimiz\/acikalansporaletleri\/engelsiz-fitness-serisi\/e04\/'><img loading=\"lazy\" decoding=\"async\" width=\"802\" height=\"535\" src=\"https:\/\/www.deniz-sport.com\/wp-content\/uploads\/2019\/03\/e04.jpg\" class=\"attachment-full size-full\" alt=\"\" srcset=\"https:\/\/www.deniz-sport.com\/wp-content\/uploads\/2019\/03\/e04.jpg 802w, https:\/\/www.deniz-sport.com\/wp-content\/uploads\/2019\/03\/e04-300x200.jpg 300w, https:\/\/www.deniz-sport.com\/wp-content\/uploads\/2019\/03\/e04-768x512.jpg 768w\" sizes=\"auto, (max-width: 802px) 100vw, 802px\" \/><\/a>\n\t\t\t<\/dt><\/dl><dl class='gallery-item'>\n\t\t\t<dt class='gallery-icon landscape'>\n\t\t\t\t<a href='https:\/\/www.deniz-sport.com\/en\/urunlerimiz\/acikalansporaletleri\/engelsiz-fitness-serisi\/e05\/'><img loading=\"lazy\" decoding=\"async\" width=\"802\" height=\"535\" src=\"https:\/\/www.deniz-sport.com\/wp-content\/uploads\/2019\/03\/e05.jpg\" class=\"attachment-full size-full\" alt=\"\" srcset=\"https:\/\/www.deniz-sport.com\/wp-content\/uploads\/2019\/03\/e05.jpg 802w, https:\/\/www.deniz-sport.com\/wp-content\/uploads\/2019\/03\/e05-300x200.jpg 300w, https:\/\/www.deniz-sport.com\/wp-content\/uploads\/2019\/03\/e05-768x512.jpg 768w\" sizes=\"auto, (max-width: 802px) 100vw, 802px\" \/><\/a>\n\t\t\t<\/dt><\/dl><br style=\"clear: both\" \/><dl class='gallery-item'>\n\t\t\t<dt class='gallery-icon landscape'>\n\t\t\t\t<a href='https:\/\/www.deniz-sport.com\/en\/urunlerimiz\/acikalansporaletleri\/engelsiz-fitness-serisi\/e06\/'><img loading=\"lazy\" decoding=\"async\" width=\"802\" height=\"537\" src=\"https:\/\/www.deniz-sport.com\/wp-content\/uploads\/2019\/03\/e06.jpg\" class=\"attachment-full size-full\" alt=\"\" srcset=\"https:\/\/www.deniz-sport.com\/wp-content\/uploads\/2019\/03\/e06.jpg 802w, https:\/\/www.deniz-sport.com\/wp-content\/uploads\/2019\/03\/e06-300x201.jpg 300w, https:\/\/www.deniz-sport.com\/wp-content\/uploads\/2019\/03\/e06-768x514.jpg 768w\" sizes=\"auto, (max-width: 802px) 100vw, 802px\" \/><\/a>\n\t\t\t<\/dt><\/dl><dl class='gallery-item'>\n\t\t\t<dt class='gallery-icon landscape'>\n\t\t\t\t<a href='https:\/\/www.deniz-sport.com\/en\/urunlerimiz\/acikalansporaletleri\/engelsiz-fitness-serisi\/e07\/'><img loading=\"lazy\" decoding=\"async\" width=\"803\" height=\"536\" src=\"https:\/\/www.deniz-sport.com\/wp-content\/uploads\/2019\/03\/e07.jpg\" class=\"attachment-full size-full\" alt=\"\" srcset=\"https:\/\/www.deniz-sport.com\/wp-content\/uploads\/2019\/03\/e07.jpg 803w, https:\/\/www.deniz-sport.com\/wp-content\/uploads\/2019\/03\/e07-300x200.jpg 300w, https:\/\/www.deniz-sport.com\/wp-content\/uploads\/2019\/03\/e07-768x513.jpg 768w\" sizes=\"auto, (max-width: 803px) 100vw, 803px\" \/><\/a>\n\t\t\t<\/dt><\/dl><dl class='gallery-item'>\n\t\t\t<dt class='gallery-icon landscape'>\n\t\t\t\t<a href='https:\/\/www.deniz-sport.com\/en\/urunlerimiz\/acikalansporaletleri\/engelsiz-fitness-serisi\/e08\/'><img loading=\"lazy\" decoding=\"async\" width=\"802\" height=\"535\" src=\"https:\/\/www.deniz-sport.com\/wp-content\/uploads\/2019\/03\/e08.jpg\" class=\"attachment-full size-full\" alt=\"\" srcset=\"https:\/\/www.deniz-sport.com\/wp-content\/uploads\/2019\/03\/e08.jpg 802w, https:\/\/www.deniz-sport.com\/wp-content\/uploads\/2019\/03\/e08-300x200.jpg 300w, https:\/\/www.deniz-sport.com\/wp-content\/uploads\/2019\/03\/e08-768x512.jpg 768w\" sizes=\"auto, (max-width: 802px) 100vw, 802px\" \/><\/a>\n\t\t\t<\/dt><\/dl><dl class='gallery-item'>\n\t\t\t<dt class='gallery-icon landscape'>\n\t\t\t\t<a href='https:\/\/www.deniz-sport.com\/en\/urunlerimiz\/acikalansporaletleri\/engelsiz-fitness-serisi\/e09\/'><img loading=\"lazy\" decoding=\"async\" width=\"801\" height=\"534\" src=\"https:\/\/www.deniz-sport.com\/wp-content\/uploads\/2019\/03\/e09.jpg\" class=\"attachment-full size-full\" alt=\"\" srcset=\"https:\/\/www.deniz-sport.com\/wp-content\/uploads\/2019\/03\/e09.jpg 801w, https:\/\/www.deniz-sport.com\/wp-content\/uploads\/2019\/03\/e09-300x200.jpg 300w, https:\/\/www.deniz-sport.com\/wp-content\/uploads\/2019\/03\/e09-768x512.jpg 768w\" sizes=\"auto, (max-width: 801px) 100vw, 801px\" \/><\/a>\n\t\t\t<\/dt><\/dl><dl class='gallery-item'>\n\t\t\t<dt class='gallery-icon landscape'>\n\t\t\t\t<a href='https:\/\/www.deniz-sport.com\/en\/urunlerimiz\/acikalansporaletleri\/engelsiz-fitness-serisi\/e10\/'><img loading=\"lazy\" decoding=\"async\" width=\"802\" height=\"535\" src=\"https:\/\/www.deniz-sport.com\/wp-content\/uploads\/2019\/03\/e10.jpg\" class=\"attachment-full size-full\" alt=\"\" srcset=\"https:\/\/www.deniz-sport.com\/wp-content\/uploads\/2019\/03\/e10.jpg 802w, https:\/\/www.deniz-sport.com\/wp-content\/uploads\/2019\/03\/e10-300x200.jpg 300w, https:\/\/www.deniz-sport.com\/wp-content\/uploads\/2019\/03\/e10-768x512.jpg 768w\" sizes=\"auto, (max-width: 802px) 100vw, 802px\" \/><\/a>\n\t\t\t<\/dt><\/dl><br style=\"clear: both\" \/>\n\t\t<\/div>\n\n<p>&nbsp;<\/p>\n<p><a href=\"https:\/\/www.deniz-sport.com\/en\/\">A\u00c7IK ALAN SPOR ALETLER\u0130<\/a>\u00a0,\u00a0<a href=\"https:\/\/www.deniz-sport.com\/en\/\">A\u00c7IK ALAN F\u0130TNESS ALETLER\u0130<\/a>\u00a0,\u00a0<a href=\"https:\/\/www.deniz-sport.com\/en\/\">DI\u015e MEKAN SPOR ALETLER\u0130<\/a>\u00a0,\u00a0<a href=\"https:\/\/www.deniz-sport.com\/en\/\">DI\u015e MEKAN F\u0130TNESS ALETLER\u0130<\/a>\u00a0,\u00a0<a href=\"https:\/\/www.deniz-sport.com\/en\/\">\u00c7OCUK OYUN GURUPLARI<\/a>\u00a0,\u00a0<a href=\"https:\/\/www.deniz-sport.com\/en\/\">HAVADA Y\u00dcR\u00dcY\u00dc\u015e S\u0130STEM\u0130<\/a>\u00a0,\u00a0<a href=\"https:\/\/www.deniz-sport.com\/en\/\">BEL ESNETME ALET\u0130<\/a>\u00a0,\u00a0<a href=\"https:\/\/www.deniz-sport.com\/en\/\">B\u0130S\u0130KLET ve EL\u0130PT\u0130K B\u0130S\u0130KLET<\/a>\u00a0,\u00a0<a href=\"https:\/\/www.deniz-sport.com\/en\/\">AH\u015eAP BANK VE KOMPOZ\u0130T BANK<\/a>\u00a0,\u00a0<a href=\"https:\/\/www.deniz-sport.com\/en\/\">KAU\u00c7UK ZEM\u0130N KAPLAMA<\/a>\u00a0,\u00a0<a href=\"https:\/\/www.deniz-sport.com\/en\/\">\u00c7\u00d6P KOVASI<\/a>\u00a0,\u00a0<a href=\"https:\/\/www.deniz-sport.com\/en\/\">TAHTERAVALL\u0130 VE SALINCAK<\/a>\u00a0,\u00a0<a href=\"https:\/\/www.deniz-sport.com\/en\/\">TEKN\u0130K \u015eARTNAME<\/a>\u00a0,\u00a0<a href=\"https:\/\/www.deniz-sport.com\/en\/\">TEKN\u0130K \u00c7\u0130Z\u0130M<\/a>\u00a0,\u00a0<a href=\"https:\/\/www.deniz-sport.com\/en\/\">KENT MOB\u0130LYALARI<\/a>\u00a0,\u00a0<a href=\"https:\/\/www.deniz-sport.com\/en\/\">\u0130PL\u0130 TIRMANMA<\/a>\u00a0,<a href=\"https:\/\/www.deniz-sport.com\/en\/\">ENGELL\u0130 SPOR ALETLER\u0130<\/a>\u00a0,\u00a0<a href=\"https:\/\/www.deniz-sport.com\/en\/\">ENGELL\u0130 \u00c7OCUK OYUN GURUPLARI<\/a>\u00a0,\u00a0<a href=\"https:\/\/www.deniz-sport.com\/en\/\">SP\u0130RAL KAYDIRAK , HELEZON KAYDIRAK<\/a>\u00a0,\u00a0<a href=\"https:\/\/www.deniz-sport.com\/en\/\">D\u00dcZ KAYDIRAK<\/a>\u00a0,\u00a0<a href=\"https:\/\/www.deniz-sport.com\/en\/\">P\u0130KN\u0130K MASALARI<\/a>\u00a0,\u00a0<a href=\"https:\/\/www.deniz-sport.com\/en\/\">PERGOLA GAZEBO<\/a>\u00a0,\u00a0<a href=\"https:\/\/www.deniz-sport.com\/en\/\">TIRMANMA SETLER\u0130<\/a>\u00a0,\u00a0<a href=\"https:\/\/www.deniz-sport.com\/en\/\">D\u00d6NERL\u0130 OYUNCAKLAR<\/a>\u00a0,<a href=\"https:\/\/www.deniz-sport.com\/en\/\">ZIPZIP \u00c7E\u015e\u0130TLER\u0130<\/a>\u00a0,\u00a0<a href=\"https:\/\/www.deniz-sport.com\/en\/\">KAMEL\u0130YE VE PERGOLA<\/a><\/p>\n<p>&nbsp;<\/p>","protected":false},"excerpt":{"rendered":"<p>\u00dcr\u00fcnlerin \u00fczerine t\u0131klayarak daha detayl\u0131 bilgi alabilirsiniz. &nbsp; A\u00c7IK ALAN SPOR ALETLER\u0130\u00a0,\u00a0A\u00c7IK ALAN F\u0130TNESS ALETLER\u0130\u00a0,\u00a0DI\u015e MEKAN SPOR ALETLER\u0130\u00a0,\u00a0DI\u015e MEKAN F\u0130TNESS ALETLER\u0130\u00a0,\u00a0\u00c7OCUK OYUN GURUPLARI\u00a0,\u00a0HAVADA Y\u00dcR\u00dcY\u00dc\u015e S\u0130STEM\u0130\u00a0,\u00a0BEL ESNETME ALET\u0130\u00a0,\u00a0B\u0130S\u0130KLET ve EL\u0130PT\u0130K B\u0130S\u0130KLET\u00a0,\u00a0AH\u015eAP BANK VE KOMPOZ\u0130T BANK\u00a0,\u00a0KAU\u00c7UK ZEM\u0130N KAPLAMA\u00a0,\u00a0\u00c7\u00d6P KOVASI\u00a0,\u00a0TAHTERAVALL\u0130 VE SALINCAK\u00a0,\u00a0TEKN\u0130K \u015eARTNAME\u00a0,\u00a0TEKN\u0130K \u00c7\u0130Z\u0130M\u00a0,\u00a0KENT MOB\u0130LYALARI\u00a0,\u00a0\u0130PL\u0130 TIRMANMA\u00a0,ENGELL\u0130 SPOR ALETLER\u0130\u00a0,\u00a0ENGELL\u0130 \u00c7OCUK OYUN GURUPLARI\u00a0,\u00a0SP\u0130RAL KAYDIRAK , HELEZON KAYDIRAK\u00a0,\u00a0D\u00dcZ KAYDIRAK\u00a0,\u00a0P\u0130KN\u0130K MASALARI\u00a0,\u00a0PERGOLA GAZEBO\u00a0,\u00a0TIRMANMA&hellip; <br \/> <a class=\"read-more\" href=\"https:\/\/www.deniz-sport.com\/en\/urunlerimiz\/acikalansporaletleri\/engelsiz-fitness-serisi\/\">Read more<\/a><\/p>","protected":false},"author":1,"featured_media":0,"parent":473,"menu_order":0,"comment_status":"closed","ping_status":"closed","template":"","meta":{"footnotes":""},"tags":[37,45,34,55,54],"class_list":["post-596","page","type-page","status-publish","hentry","tag-acik-alan-spor-aletleri","tag-belediye-spor-parki","tag-engelsiz-fitness","tag-fitness","tag-spor-aletleri"],"jetpack_sharing_enabled":true,"_links":{"self":[{"href":"https:\/\/www.deniz-sport.com\/en\/wp-json\/wp\/v2\/pages\/596","targetHints":{"allow":["GET"]}}],"collection":[{"href":"https:\/\/www.deniz-sport.com\/en\/wp-json\/wp\/v2\/pages"}],"about":[{"href":"https:\/\/www.deniz-sport.com\/en\/wp-json\/wp\/v2\/types\/page"}],"author":[{"embeddable":true,"href":"https:\/\/www.deniz-sport.com\/en\/wp-json\/wp\/v2\/users\/1"}],"replies":[{"embeddable":true,"href":"https:\/\/www.deniz-sport.com\/en\/wp-json\/wp\/v2\/comments?post=596"}],"version-history":[{"count":3,"href":"https:\/\/www.deniz-sport.com\/en\/wp-json\/wp\/v2\/pages\/596\/revisions"}],"predecessor-version":[{"id":3632,"href":"https:\/\/www.deniz-sport.com\/en\/wp-json\/wp\/v2\/pages\/596\/revisions\/3632"}],"up":[{"embeddable":true,"href":"https:\/\/www.deniz-sport.com\/en\/wp-json\/wp\/v2\/pages\/473"}],"wp:attachment":[{"href":"https:\/\/www.deniz-sport.com\/en\/wp-json\/wp\/v2\/media?parent=596"}],"wp:term":[{"taxonomy":"post_tag","embeddable":true,"href":"https:\/\/www.deniz-sport.com\/en\/wp-json\/wp\/v2\/tags?post=596"}],"curies":[{"name":"wp","href":"https:\/\/api.w.org\/{rel}","templated":true}]}}