{"id":473,"date":"2019-03-28T08:10:58","date_gmt":"2019-03-28T05:10:58","guid":{"rendered":"http:\/\/www.dnzsprt.com\/?page_id=473"},"modified":"2021-01-06T18:28:37","modified_gmt":"2021-01-06T15:28:37","slug":"acikalansporaletleri","status":"publish","type":"page","link":"https:\/\/www.deniz-sport.com\/en\/urunlerimiz\/acikalansporaletleri\/","title":{"rendered":"Outdoor Fitness Equipments"},"content":{"rendered":"<p>\u00dcr\u00fcn serilerimizin \u00fczerine t\u0131klayarak tamam\u0131n\u0131 g\u00f6rebilirsiniz.<\/p>\n<p><a href=\"https:\/\/www.deniz-sport.com\/en\/urunlerimiz\/acikalansporaletleri\/klasik-fitness-serisi\/\"><img loading=\"lazy\" decoding=\"async\" class=\"alignnone wp-image-3554 size-full\" src=\"https:\/\/www.deniz-sport.com\/wp-content\/uploads\/2020\/03\/KLAS\u0130K-F\u0130TNES-SER\u0130S\u0130.jpg\" alt=\"\" width=\"200\" height=\"200\" srcset=\"https:\/\/www.deniz-sport.com\/wp-content\/uploads\/2020\/03\/KLAS\u0130K-F\u0130TNES-SER\u0130S\u0130.jpg 200w, https:\/\/www.deniz-sport.com\/wp-content\/uploads\/2020\/03\/KLAS\u0130K-F\u0130TNES-SER\u0130S\u0130-150x150.jpg 150w\" sizes=\"auto, (max-width: 200px) 100vw, 200px\" \/><\/a> <a href=\"https:\/\/www.deniz-sport.com\/en\/urunlerimiz\/acikalansporaletleri\/klasik-fitness-serisi-diger\/\"><img loading=\"lazy\" decoding=\"async\" class=\"alignnone wp-image-3555 size-full\" src=\"https:\/\/www.deniz-sport.com\/wp-content\/uploads\/2020\/03\/KLAS\u0130K-F\u0130TNES-SER\u0130S\u0130D\u0130\u011eER.jpg\" alt=\"\" width=\"200\" height=\"200\" srcset=\"https:\/\/www.deniz-sport.com\/wp-content\/uploads\/2020\/03\/KLAS\u0130K-F\u0130TNES-SER\u0130S\u0130D\u0130\u011eER.jpg 200w, https:\/\/www.deniz-sport.com\/wp-content\/uploads\/2020\/03\/KLAS\u0130K-F\u0130TNES-SER\u0130S\u0130D\u0130\u011eER-150x150.jpg 150w\" sizes=\"auto, (max-width: 200px) 100vw, 200px\" \/><\/a> <a href=\"https:\/\/www.deniz-sport.com\/en\/urunlerimiz\/acikalansporaletleri\/panolu-fitness-serisi\/\"><img loading=\"lazy\" decoding=\"async\" class=\"alignnone wp-image-3556 size-full\" src=\"https:\/\/www.deniz-sport.com\/wp-content\/uploads\/2020\/03\/PANOLU-F\u0130TNES-SER\u0130S\u0130.jpg\" alt=\"\" width=\"200\" height=\"200\" srcset=\"https:\/\/www.deniz-sport.com\/wp-content\/uploads\/2020\/03\/PANOLU-F\u0130TNES-SER\u0130S\u0130.jpg 200w, https:\/\/www.deniz-sport.com\/wp-content\/uploads\/2020\/03\/PANOLU-F\u0130TNES-SER\u0130S\u0130-150x150.jpg 150w\" sizes=\"auto, (max-width: 200px) 100vw, 200px\" \/><\/a> <a href=\"https:\/\/www.deniz-sport.com\/en\/urunlerimiz\/acikalansporaletleri\/ahsap-fitness-serisi\/\"><img loading=\"lazy\" decoding=\"async\" class=\"alignnone wp-image-3557 size-full\" src=\"https:\/\/www.deniz-sport.com\/wp-content\/uploads\/2020\/03\/AH\u015eAP-F\u0130TNES-SER\u0130S\u0130.jpg\" alt=\"\" width=\"200\" height=\"200\" srcset=\"https:\/\/www.deniz-sport.com\/wp-content\/uploads\/2020\/03\/AH\u015eAP-F\u0130TNES-SER\u0130S\u0130.jpg 200w, https:\/\/www.deniz-sport.com\/wp-content\/uploads\/2020\/03\/AH\u015eAP-F\u0130TNES-SER\u0130S\u0130-150x150.jpg 150w\" sizes=\"auto, (max-width: 200px) 100vw, 200px\" \/><\/a><\/p>\n<p><a href=\"https:\/\/www.deniz-sport.com\/en\/urunlerimiz\/acikalansporaletleri\/ada-fitness-serisi\/\"><img loading=\"lazy\" decoding=\"async\" class=\"alignnone wp-image-3558 size-full\" src=\"https:\/\/www.deniz-sport.com\/wp-content\/uploads\/2020\/03\/ADA-F\u0130TNES-SER\u0130S\u0130.jpg\" alt=\"\" width=\"200\" height=\"200\" srcset=\"https:\/\/www.deniz-sport.com\/wp-content\/uploads\/2020\/03\/ADA-F\u0130TNES-SER\u0130S\u0130.jpg 200w, https:\/\/www.deniz-sport.com\/wp-content\/uploads\/2020\/03\/ADA-F\u0130TNES-SER\u0130S\u0130-150x150.jpg 150w\" sizes=\"auto, (max-width: 200px) 100vw, 200px\" \/><\/a> <a href=\"https:\/\/www.deniz-sport.com\/en\/urunlerimiz\/acikalansporaletleri\/catili-fitness-serisi\/\"><img loading=\"lazy\" decoding=\"async\" class=\"alignnone wp-image-3560 size-full\" src=\"https:\/\/www.deniz-sport.com\/wp-content\/uploads\/2020\/03\/\u00c7ATILI-F\u0130TNESS-SER\u0130S\u0130.jpg\" alt=\"\" width=\"200\" height=\"200\" srcset=\"https:\/\/www.deniz-sport.com\/wp-content\/uploads\/2020\/03\/\u00c7ATILI-F\u0130TNESS-SER\u0130S\u0130.jpg 200w, https:\/\/www.deniz-sport.com\/wp-content\/uploads\/2020\/03\/\u00c7ATILI-F\u0130TNESS-SER\u0130S\u0130-150x150.jpg 150w\" sizes=\"auto, (max-width: 200px) 100vw, 200px\" \/><\/a> <a href=\"https:\/\/www.deniz-sport.com\/en\/urunlerimiz\/acikalansporaletleri\/engelsiz-fitness-serisi\/\"><img loading=\"lazy\" decoding=\"async\" class=\"alignnone wp-image-3561 size-full\" src=\"https:\/\/www.deniz-sport.com\/wp-content\/uploads\/2020\/03\/ENGELS\u0130Z-F\u0130TNESS-SER\u0130S\u0130.jpg\" alt=\"\" width=\"200\" height=\"200\" srcset=\"https:\/\/www.deniz-sport.com\/wp-content\/uploads\/2020\/03\/ENGELS\u0130Z-F\u0130TNESS-SER\u0130S\u0130.jpg 200w, https:\/\/www.deniz-sport.com\/wp-content\/uploads\/2020\/03\/ENGELS\u0130Z-F\u0130TNESS-SER\u0130S\u0130-150x150.jpg 150w\" sizes=\"auto, (max-width: 200px) 100vw, 200px\" \/><\/a> <a href=\"https:\/\/www.deniz-sport.com\/en\/urunlerimiz\/acikalansporaletleri\/cocuk-fitness-serisi\/\"><img loading=\"lazy\" decoding=\"async\" class=\"alignnone wp-image-3562 size-full\" src=\"https:\/\/www.deniz-sport.com\/wp-content\/uploads\/2020\/03\/\u00c7OCUK-F\u0130TNESS-SER\u0130S\u0130.jpg\" alt=\"\" width=\"200\" height=\"200\" srcset=\"https:\/\/www.deniz-sport.com\/wp-content\/uploads\/2020\/03\/\u00c7OCUK-F\u0130TNESS-SER\u0130S\u0130.jpg 200w, https:\/\/www.deniz-sport.com\/wp-content\/uploads\/2020\/03\/\u00c7OCUK-F\u0130TNESS-SER\u0130S\u0130-150x150.jpg 150w\" sizes=\"auto, (max-width: 200px) 100vw, 200px\" \/><\/a><\/p>\n<p>&nbsp;<\/p>\n<p><a href=\"https:\/\/www.deniz-sport.com\/en\/\">A\u00c7IK ALAN SPOR ALETLER\u0130<\/a>\u00a0,\u00a0<a href=\"https:\/\/www.deniz-sport.com\/en\/\">A\u00c7IK ALAN F\u0130TNESS ALETLER\u0130<\/a>\u00a0,\u00a0<a href=\"https:\/\/www.deniz-sport.com\/en\/\">DI\u015e MEKAN SPOR ALETLER\u0130<\/a>\u00a0,\u00a0<a href=\"https:\/\/www.deniz-sport.com\/en\/\">DI\u015e MEKAN F\u0130TNESS ALETLER\u0130<\/a>\u00a0,\u00a0<a href=\"https:\/\/www.deniz-sport.com\/en\/\">\u00c7OCUK OYUN GURUPLARI<\/a>\u00a0,\u00a0<a href=\"https:\/\/www.deniz-sport.com\/en\/\">HAVADA Y\u00dcR\u00dcY\u00dc\u015e S\u0130STEM\u0130<\/a>\u00a0,\u00a0<a href=\"https:\/\/www.deniz-sport.com\/en\/\">BEL ESNETME ALET\u0130<\/a>\u00a0,\u00a0<a href=\"https:\/\/www.deniz-sport.com\/en\/\">B\u0130S\u0130KLET ve EL\u0130PT\u0130K B\u0130S\u0130KLET<\/a>\u00a0,\u00a0<a href=\"https:\/\/www.deniz-sport.com\/en\/\">AH\u015eAP BANK VE KOMPOZ\u0130T BANK<\/a>\u00a0,\u00a0<a href=\"https:\/\/www.deniz-sport.com\/en\/\">KAU\u00c7UK ZEM\u0130N KAPLAMA<\/a>\u00a0,\u00a0<a href=\"https:\/\/www.deniz-sport.com\/en\/\">\u00c7\u00d6P KOVASI<\/a>\u00a0,\u00a0<a href=\"https:\/\/www.deniz-sport.com\/en\/\">TAHTERAVALL\u0130 VE SALINCAK<\/a>\u00a0,\u00a0<a href=\"https:\/\/www.deniz-sport.com\/en\/\">TEKN\u0130K \u015eARTNAME<\/a>\u00a0,\u00a0<a href=\"https:\/\/www.deniz-sport.com\/en\/\">TEKN\u0130K \u00c7\u0130Z\u0130M<\/a>\u00a0,\u00a0<a href=\"https:\/\/www.deniz-sport.com\/en\/\">KENT MOB\u0130LYALARI<\/a>\u00a0,\u00a0<a href=\"https:\/\/www.deniz-sport.com\/en\/\">\u0130PL\u0130 TIRMANMA<\/a>\u00a0,<a href=\"https:\/\/www.deniz-sport.com\/en\/\">ENGELL\u0130 SPOR ALETLER\u0130<\/a>\u00a0,\u00a0<a href=\"https:\/\/www.deniz-sport.com\/en\/\">ENGELL\u0130 \u00c7OCUK OYUN GURUPLARI<\/a>\u00a0,\u00a0<a href=\"https:\/\/www.deniz-sport.com\/en\/\">SP\u0130RAL KAYDIRAK , HELEZON KAYDIRAK<\/a>\u00a0,\u00a0<a href=\"https:\/\/www.deniz-sport.com\/en\/\">D\u00dcZ KAYDIRAK<\/a>\u00a0,\u00a0<a href=\"https:\/\/www.deniz-sport.com\/en\/\">P\u0130KN\u0130K MASALARI<\/a>\u00a0,\u00a0<a href=\"https:\/\/www.deniz-sport.com\/en\/\">PERGOLA GAZEBO<\/a>\u00a0,\u00a0<a href=\"https:\/\/www.deniz-sport.com\/en\/\">TIRMANMA SETLER\u0130<\/a>\u00a0,\u00a0<a href=\"https:\/\/www.deniz-sport.com\/en\/\">D\u00d6NERL\u0130 OYUNCAKLAR<\/a>\u00a0,<a href=\"https:\/\/www.deniz-sport.com\/en\/\">ZIPZIP \u00c7E\u015e\u0130TLER\u0130<\/a>\u00a0,\u00a0<a href=\"https:\/\/www.deniz-sport.com\/en\/\">KAMEL\u0130YE VE PERGOLA<\/a><\/p>","protected":false},"excerpt":{"rendered":"<p>\u00dcr\u00fcn serilerimizin \u00fczerine t\u0131klayarak tamam\u0131n\u0131 g\u00f6rebilirsiniz. &nbsp; A\u00c7IK ALAN SPOR ALETLER\u0130\u00a0,\u00a0A\u00c7IK ALAN F\u0130TNESS ALETLER\u0130\u00a0,\u00a0DI\u015e MEKAN SPOR ALETLER\u0130\u00a0,\u00a0DI\u015e MEKAN F\u0130TNESS ALETLER\u0130\u00a0,\u00a0\u00c7OCUK OYUN GURUPLARI\u00a0,\u00a0HAVADA Y\u00dcR\u00dcY\u00dc\u015e S\u0130STEM\u0130\u00a0,\u00a0BEL ESNETME ALET\u0130\u00a0,\u00a0B\u0130S\u0130KLET ve EL\u0130PT\u0130K B\u0130S\u0130KLET\u00a0,\u00a0AH\u015eAP BANK VE KOMPOZ\u0130T BANK\u00a0,\u00a0KAU\u00c7UK ZEM\u0130N KAPLAMA\u00a0,\u00a0\u00c7\u00d6P KOVASI\u00a0,\u00a0TAHTERAVALL\u0130 VE SALINCAK\u00a0,\u00a0TEKN\u0130K \u015eARTNAME\u00a0,\u00a0TEKN\u0130K \u00c7\u0130Z\u0130M\u00a0,\u00a0KENT MOB\u0130LYALARI\u00a0,\u00a0\u0130PL\u0130 TIRMANMA\u00a0,ENGELL\u0130 SPOR ALETLER\u0130\u00a0,\u00a0ENGELL\u0130 \u00c7OCUK OYUN GURUPLARI\u00a0,\u00a0SP\u0130RAL KAYDIRAK , HELEZON KAYDIRAK\u00a0,\u00a0D\u00dcZ KAYDIRAK\u00a0,\u00a0P\u0130KN\u0130K MASALARI\u00a0,\u00a0PERGOLA GAZEBO\u00a0,\u00a0TIRMANMA SETLER\u0130\u00a0,\u00a0D\u00d6NERL\u0130&hellip; <br \/> <a class=\"read-more\" href=\"https:\/\/www.deniz-sport.com\/en\/urunlerimiz\/acikalansporaletleri\/\">Read more<\/a><\/p>","protected":false},"author":1,"featured_media":0,"parent":509,"menu_order":0,"comment_status":"closed","ping_status":"closed","template":"","meta":{"footnotes":""},"tags":[53,37,45,42,56,55,8,54],"class_list":["post-473","page","type-page","status-publish","hentry","tag-acik-alan","tag-acik-alan-spor-aletleri","tag-belediye-spor-parki","tag-belediyeler","tag-deniz-spor","tag-fitness","tag-park","tag-spor-aletleri"],"jetpack_sharing_enabled":true,"_links":{"self":[{"href":"https:\/\/www.deniz-sport.com\/en\/wp-json\/wp\/v2\/pages\/473","targetHints":{"allow":["GET"]}}],"collection":[{"href":"https:\/\/www.deniz-sport.com\/en\/wp-json\/wp\/v2\/pages"}],"about":[{"href":"https:\/\/www.deniz-sport.com\/en\/wp-json\/wp\/v2\/types\/page"}],"author":[{"embeddable":true,"href":"https:\/\/www.deniz-sport.com\/en\/wp-json\/wp\/v2\/users\/1"}],"replies":[{"embeddable":true,"href":"https:\/\/www.deniz-sport.com\/en\/wp-json\/wp\/v2\/comments?post=473"}],"version-history":[{"count":23,"href":"https:\/\/www.deniz-sport.com\/en\/wp-json\/wp\/v2\/pages\/473\/revisions"}],"predecessor-version":[{"id":3623,"href":"https:\/\/www.deniz-sport.com\/en\/wp-json\/wp\/v2\/pages\/473\/revisions\/3623"}],"up":[{"embeddable":true,"href":"https:\/\/www.deniz-sport.com\/en\/wp-json\/wp\/v2\/pages\/509"}],"wp:attachment":[{"href":"https:\/\/www.deniz-sport.com\/en\/wp-json\/wp\/v2\/media?parent=473"}],"wp:term":[{"taxonomy":"post_tag","embeddable":true,"href":"https:\/\/www.deniz-sport.com\/en\/wp-json\/wp\/v2\/tags?post=473"}],"curies":[{"name":"wp","href":"https:\/\/api.w.org\/{rel}","templated":true}]}}