{"id":1009,"date":"2019-04-16T13:45:14","date_gmt":"2019-04-16T10:45:14","guid":{"rendered":"https:\/\/www.dnzsprt.com\/?page_id=1009"},"modified":"2021-01-06T18:34:36","modified_gmt":"2021-01-06T15:34:36","slug":"teknik","status":"publish","type":"page","link":"https:\/\/www.deniz-sport.com\/en\/teknik\/","title":{"rendered":"Technical Documents"},"content":{"rendered":"<p><strong>TEKN\u0130K \u015eARTNAMELER<\/strong><\/p>\n<p>L\u00fctfen indirmek istedi\u011finiz \u015fartname yaz\u0131s\u0131na t\u0131klay\u0131n\u0131z. \u015eartname otomatik olarak indirilecektir.<\/p>\n<p><a href=\"https:\/\/www.deniz-sport.com\/wp-content\/uploads\/2019\/10\/1-DEN\u0130ZSPORT-10-LU-F\u0130TNESS-TEKN\u0130K-\u015eARTNAMES\u0130-FOSFATLAMA-VE-TOZBOYA-1.pdf\">1-DEN\u0130ZSPORT 10 LU F\u0130TNESS TEKN\u0130K \u015eARTNAMES\u0130-FOSFATLAMA VE TOZBOYA<\/a><\/p>\n<p><a href=\"https:\/\/www.deniz-sport.com\/wp-content\/uploads\/2019\/10\/2-DEN\u0130Z-SPORT-8-L\u0130-F\u0130TNESS-TEKN\u0130K-\u015eARTNAMES\u0130-FOSFATLAMA-VE-TOZBOYA.pdf\">2-DEN\u0130Z SPORT 8 L\u0130 F\u0130TNESS TEKN\u0130K \u015eARTNAMES\u0130-FOSFATLAMA VE TOZBOYA<\/a><\/p>\n<p><a href=\"https:\/\/www.deniz-sport.com\/wp-content\/uploads\/2019\/10\/3-DEN\u0130ZSPORT-M\u0130LENYUM-F\u0130TNESS-TEKN\u0130K-\u015eARTNAMES\u0130-FOSFATLAMA-VE-TOZBOYA.pdf\">3-DEN\u0130ZSPORT M\u0130LENYUM F\u0130TNESS TEKN\u0130K \u015eARTNAMES\u0130-FOSFATLAMA VE TOZBOYA<\/a><\/p>\n<p><a href=\"https:\/\/www.deniz-sport.com\/wp-content\/uploads\/2019\/10\/4-DEN\u0130ZSPORT-3-L\u00dc-ADA-FITNESS-TEKNIK-SARTNAMESI-FOSFATLAMA-VE-TOZBOYA.pdf\">4-DEN\u0130ZSPORT 3 L\u00dc ADA FITNESS TEKNIK SARTNAMESI-FOSFATLAMA VE TOZBOYA<\/a><\/p>\n<p><a href=\"https:\/\/www.deniz-sport.com\/wp-content\/uploads\/2019\/10\/5-DEN\u0130ZSPORT-4-L\u00dc-ADA-FITNESS-TEKNIK-SARTNAMESI-FOSFATLAMA-VE-TOZBOYA.pdf\">5-DEN\u0130ZSPORT 4 L\u00dc ADA FITNESS TEKNIK SARTNAMESI-FOSFATLAMA VE TOZBOYA<\/a><\/p>\n<p>&nbsp;<\/p>\n<p><strong>TEKN\u0130K \u00c7\u0130Z\u0130MLER<\/strong><\/p>\n<p>Teknik \u00e7izimler i\u00e7in. L\u00fctfen bizimle irtibata ge\u00e7iniz.<\/p>","protected":false},"excerpt":{"rendered":"<p>TEKN\u0130K \u015eARTNAMELER L\u00fctfen indirmek istedi\u011finiz \u015fartname yaz\u0131s\u0131na t\u0131klay\u0131n\u0131z. \u015eartname otomatik olarak indirilecektir. 1-DEN\u0130ZSPORT 10 LU F\u0130TNESS TEKN\u0130K \u015eARTNAMES\u0130-FOSFATLAMA VE TOZBOYA 2-DEN\u0130Z SPORT 8 L\u0130 F\u0130TNESS TEKN\u0130K \u015eARTNAMES\u0130-FOSFATLAMA VE TOZBOYA 3-DEN\u0130ZSPORT M\u0130LENYUM F\u0130TNESS TEKN\u0130K \u015eARTNAMES\u0130-FOSFATLAMA VE TOZBOYA 4-DEN\u0130ZSPORT 3 L\u00dc ADA FITNESS TEKNIK SARTNAMESI-FOSFATLAMA VE TOZBOYA 5-DEN\u0130ZSPORT 4 L\u00dc ADA FITNESS TEKNIK SARTNAMESI-FOSFATLAMA VE TOZBOYA &nbsp;&hellip; <br \/> <a class=\"read-more\" href=\"https:\/\/www.deniz-sport.com\/en\/teknik\/\">Read more<\/a><\/p>","protected":false},"author":2,"featured_media":0,"parent":0,"menu_order":0,"comment_status":"closed","ping_status":"closed","template":"","meta":{"footnotes":""},"tags":[],"class_list":["post-1009","page","type-page","status-publish","hentry"],"jetpack_sharing_enabled":true,"_links":{"self":[{"href":"https:\/\/www.deniz-sport.com\/en\/wp-json\/wp\/v2\/pages\/1009","targetHints":{"allow":["GET"]}}],"collection":[{"href":"https:\/\/www.deniz-sport.com\/en\/wp-json\/wp\/v2\/pages"}],"about":[{"href":"https:\/\/www.deniz-sport.com\/en\/wp-json\/wp\/v2\/types\/page"}],"author":[{"embeddable":true,"href":"https:\/\/www.deniz-sport.com\/en\/wp-json\/wp\/v2\/users\/2"}],"replies":[{"embeddable":true,"href":"https:\/\/www.deniz-sport.com\/en\/wp-json\/wp\/v2\/comments?post=1009"}],"version-history":[{"count":12,"href":"https:\/\/www.deniz-sport.com\/en\/wp-json\/wp\/v2\/pages\/1009\/revisions"}],"predecessor-version":[{"id":3629,"href":"https:\/\/www.deniz-sport.com\/en\/wp-json\/wp\/v2\/pages\/1009\/revisions\/3629"}],"wp:attachment":[{"href":"https:\/\/www.deniz-sport.com\/en\/wp-json\/wp\/v2\/media?parent=1009"}],"wp:term":[{"taxonomy":"post_tag","embeddable":true,"href":"https:\/\/www.deniz-sport.com\/en\/wp-json\/wp\/v2\/tags?post=1009"}],"curies":[{"name":"wp","href":"https:\/\/api.w.org\/{rel}","templated":true}]}}